{"id":3988,"date":"2023-06-12T12:17:14","date_gmt":"2023-06-12T12:17:14","guid":{"rendered":"https:\/\/padthaiwokbar.com\/padtalk\/?post_type=product&#038;p=3988"},"modified":"2023-06-24T08:30:09","modified_gmt":"2023-06-24T08:30:09","slug":"ii-padthai-joga","status":"publish","type":"product","link":"https:\/\/padthaiwokbar.com\/padtalk\/termek\/ii-padthai-joga\/","title":{"rendered":"II. padthai j\u00f3ga"},"content":{"rendered":"<p>Amikor a padthai \u00e9s a j\u00f3ga vil\u00e1ga tal\u00e1lkozik, annak csak gy\u00f6ny\u00f6r\u0171 eredm\u00e9nye lehet! Tarts vel\u00fcnk egy k\u00fcl\u00f6nleges, lelket- testet \u00e9s elm\u00e9t felfriss\u00edt\u0151 \u00e9s megfiatal\u00edt\u00f3 \u00e9lm\u00e9nyben 2023. j\u00falius 1-j\u00e9n, szombaton 10:00 \u00f3rakor az ELTE F\u00fcv\u00e9szkertben, ahol egy \u00f3r\u00e1s kezd\u0151 j\u00f3ga \u00f3r\u00e1val v\u00e1runk titeket a term\u00e9szet \u00f6lel\u00e9s\u00e9ben.<\/p>\n<p>A j\u00f3ga\u00f3r\u00e1t Nagy Anna, a yogasecrets st\u00fadi\u00f3 alap\u00edt\u00f3ja fogja vezetni. Anna a padthai filoz\u00f3fia jegy\u00e9ben arra motiv\u00e1l benn\u00fcnket, hogy igyekezz\u00fcnk meg\u0151rizni bels\u0151 fiatals\u00e1gunkat, hiszen mindenki sz\u00edv\u00e9ben ott lapul az \u00f6r\u00f6k gyermek, csalogassuk h\u00e1t el\u0151! A j\u00f3ga \u00e1ld\u00e1sos hat\u00e1saival \u00f6szt\u00f6n\u00f6z minket arra, hogy ismerj\u00fck meg val\u00f3di \u00e9n\u00fcnket, legy\u00fcnk \u00f6nmagunk, \u00e9s elj\u00fcnk teljesen a jelenben.<\/p>\n<p>A j\u00f3ga t\u00f6bb, mint testmozg\u00e1s. Egy spiritu\u00e1lis gyakorlat, eg\u00e9szs\u00e9ges \u00e9letm\u00f3d, ami nem csak a test \u00e1tmozgat\u00e1s\u00e1r\u00f3l sz\u00f3l, hanem annak az elm\u00e9vel \u00e9s a szellemmel val\u00f3 egys\u00e9g\u00e9r\u00f3l is. Az \u00f3ra sor\u00e1n kezd\u0151 j\u00f3gagyakorlatokkal ismerkedhettek meg, melyek seg\u00edtenek az izmok ny\u00fajt\u00e1s\u00e1ban, a testtudatoss\u00e1g fejleszt\u00e9s\u00e9ben \u00e9s a stressz felold\u00e1s\u00e1ban is. A j\u00f3ga seg\u00edts\u00e9g\u00e9vel megtanulhattok m\u00e9lyen l\u00e9legezni, figyelmet ford\u00edtani a szervezet jelz\u00e9seire \u00e9s megtal\u00e1lni az egyens\u00falyt a test \u00e9s a l\u00e9lek k\u00f6z\u00f6tt.<\/p>\n<p>A esem\u00e9nyen val\u00f3 r\u00e9szv\u00e9tel jegyv\u00e1s\u00e1rl\u00e1shoz k\u00f6t\u00f6tt, melynek \u00e1ra 2000 Ft\/f\u0151. Az \u00f6sszeg a F\u00fcv\u00e9szkerthez k\u00f6zel l\u00e9v\u0151 Corvin padthai wokbar-ban az esem\u00e9ny napj\u00e1n lefogyaszthat\u00f3. Az esem\u00e9ny sor\u00e1n \u00e1ll\u00f3 \u00e9s mozg\u00f3k\u00e9pi tartalom k\u00e9sz\u00fcl.<\/p>\n<p>Gyertek \u00e9s csatlakozzatok hozz\u00e1nk, hogy egy\u00fctt \u00e9lhess\u00fcnk \u00e1t egy felejthetetlen \u00e9lm\u00e9nyt a j\u00f3ga \u00e9s a padthai vil\u00e1g\u00e1ban!<\/p>\n","protected":false},"excerpt":{"rendered":"<p>Amikor a padthai \u00e9s a j\u00f3ga vil\u00e1ga tal\u00e1lkozik, annak csak gy\u00f6ny\u00f6r\u0171 eredm\u00e9nye lehet! Tarts vel\u00fcnk egy k\u00fcl\u00f6nleges, lelket- testet \u00e9s elm\u00e9t felfriss\u00edt\u0151 \u00e9s megfiatal\u00edt\u00f3 \u00e9lm\u00e9nyben 2023. j\u00falius 1-j\u00e9n, szombaton 10:00 \u00f3rakor az ELTE F\u00fcv\u00e9szkertben, ahol egy \u00f3r\u00e1s kezd\u0151 j\u00f3ga \u00f3r\u00e1val v\u00e1runk titeket a term\u00e9szet \u00f6lel\u00e9s\u00e9ben.<\/p>\n<p><strong>A sikeres v\u00e1s\u00e1rl\u00e1st igazol\u00f3 email bemutat\u00e1s\u00e1val jogosultak a bel\u00e9p\u00e9sre, az 2000 Ft \u00e9rt\u00e9k\u0171 lefogyaszthat\u00f3 kupon a j\u00f3ga el\u0151tt a helysz\u00ednen ker\u00fcl \u00e1tad\u00e1sra. Az esem\u00e9ny sor\u00e1n \u00e1ll\u00f3 \u00e9s mozg\u00f3k\u00e9pi tartalom k\u00e9sz\u00fcl.<\/strong><\/p>\n","protected":false},"featured_media":3989,"template":"","meta":[],"product_cat":[24],"product_tag":[28],"class_list":{"0":"post-3988","1":"product","2":"type-product","3":"status-publish","4":"has-post-thumbnail","6":"product_cat-egyeb","7":"product_tag-joga","9":"first","10":"outofstock","11":"virtual","12":"taxable","13":"purchasable","14":"product-type-simple"},"yoast_head":"<!-- This site is optimized with the Yoast SEO plugin v23.9 - https:\/\/yoast.com\/wordpress\/plugins\/seo\/ -->\n<title>II. padthai j\u00f3ga - Nagy Ann\u00e1val<\/title>\n<meta name=\"description\" content=\"A j\u00f3ga seg\u00edts\u00e9g\u00e9vel megtanulhattok m\u00e9lyen l\u00e9legezni, figyelmet ford\u00edtani a testetek jelz\u00e9seire \u00e9s megtal\u00e1lni az egyens\u00falyt a test \u00e9s a l\u00e9lek k\u00f6z\u00f6tt.\" \/>\n<meta name=\"robots\" content=\"index, follow, max-snippet:-1, max-image-preview:large, max-video-preview:-1\" \/>\n<link rel=\"canonical\" href=\"https:\/\/padthaiwokbar.com\/padtalk\/termek\/ii-padthai-joga\/\" \/>\n<meta property=\"og:locale\" content=\"hu_HU\" \/>\n<meta property=\"og:type\" content=\"article\" \/>\n<meta property=\"og:title\" content=\"II. padthai j\u00f3ga - Nagy Ann\u00e1val\" \/>\n<meta property=\"og:description\" content=\"A j\u00f3ga seg\u00edts\u00e9g\u00e9vel megtanulhattok m\u00e9lyen l\u00e9legezni, figyelmet ford\u00edtani a testetek jelz\u00e9seire \u00e9s megtal\u00e1lni az egyens\u00falyt a test \u00e9s a l\u00e9lek k\u00f6z\u00f6tt.\" \/>\n<meta property=\"og:url\" content=\"https:\/\/padthaiwokbar.com\/padtalk\/termek\/ii-padthai-joga\/\" \/>\n<meta property=\"og:site_name\" content=\"Padthai Padtalk\" \/>\n<meta property=\"article:modified_time\" content=\"2023-06-24T08:30:09+00:00\" \/>\n<meta property=\"og:image\" content=\"https:\/\/padthaiwokbar.com\/padtalk\/wp-content\/uploads\/2023\/06\/yoga2023_4-02.png\" \/>\n\t<meta property=\"og:image:width\" content=\"1200\" \/>\n\t<meta property=\"og:image:height\" content=\"1200\" \/>\n\t<meta property=\"og:image:type\" content=\"image\/png\" \/>\n<meta name=\"twitter:card\" content=\"summary_large_image\" \/>\n<meta name=\"twitter:label1\" content=\"Becs\u00fclt olvas\u00e1si id\u0151\" \/>\n\t<meta name=\"twitter:data1\" content=\"2 perc\" \/>\n<script type=\"application\/ld+json\" class=\"yoast-schema-graph\">{\"@context\":\"https:\/\/schema.org\",\"@graph\":[{\"@type\":\"WebPage\",\"@id\":\"https:\/\/padthaiwokbar.com\/padtalk\/termek\/ii-padthai-joga\/\",\"url\":\"https:\/\/padthaiwokbar.com\/padtalk\/termek\/ii-padthai-joga\/\",\"name\":\"II. padthai j\u00f3ga - Nagy Ann\u00e1val\",\"isPartOf\":{\"@id\":\"https:\/\/padthaiwokbar.com\/padtalk\/#website\"},\"primaryImageOfPage\":{\"@id\":\"https:\/\/padthaiwokbar.com\/padtalk\/termek\/ii-padthai-joga\/#primaryimage\"},\"image\":{\"@id\":\"https:\/\/padthaiwokbar.com\/padtalk\/termek\/ii-padthai-joga\/#primaryimage\"},\"thumbnailUrl\":\"https:\/\/padthaiwokbar.com\/padtalk\/wp-content\/uploads\/2023\/06\/yoga2023_4-02.png\",\"datePublished\":\"2023-06-12T12:17:14+00:00\",\"dateModified\":\"2023-06-24T08:30:09+00:00\",\"description\":\"A j\u00f3ga seg\u00edts\u00e9g\u00e9vel megtanulhattok m\u00e9lyen l\u00e9legezni, figyelmet ford\u00edtani a testetek jelz\u00e9seire \u00e9s megtal\u00e1lni az egyens\u00falyt a test \u00e9s a l\u00e9lek k\u00f6z\u00f6tt.\",\"breadcrumb\":{\"@id\":\"https:\/\/padthaiwokbar.com\/padtalk\/termek\/ii-padthai-joga\/#breadcrumb\"},\"inLanguage\":\"hu\",\"potentialAction\":[{\"@type\":\"ReadAction\",\"target\":[\"https:\/\/padthaiwokbar.com\/padtalk\/termek\/ii-padthai-joga\/\"]}]},{\"@type\":\"ImageObject\",\"inLanguage\":\"hu\",\"@id\":\"https:\/\/padthaiwokbar.com\/padtalk\/termek\/ii-padthai-joga\/#primaryimage\",\"url\":\"https:\/\/padthaiwokbar.com\/padtalk\/wp-content\/uploads\/2023\/06\/yoga2023_4-02.png\",\"contentUrl\":\"https:\/\/padthaiwokbar.com\/padtalk\/wp-content\/uploads\/2023\/06\/yoga2023_4-02.png\",\"width\":1200,\"height\":1200},{\"@type\":\"BreadcrumbList\",\"@id\":\"https:\/\/padthaiwokbar.com\/padtalk\/termek\/ii-padthai-joga\/#breadcrumb\",\"itemListElement\":[{\"@type\":\"ListItem\",\"position\":1,\"name\":\"Kezd\u0151lap\",\"item\":\"https:\/\/padthaiwokbar.com\/padtalk\/\"},{\"@type\":\"ListItem\",\"position\":2,\"name\":\"\u00dczlet\",\"item\":\"https:\/\/padthaiwokbar.com\/padtalk\/uzlet\/\"},{\"@type\":\"ListItem\",\"position\":3,\"name\":\"II. padthai j\u00f3ga\"}]},{\"@type\":\"WebSite\",\"@id\":\"https:\/\/padthaiwokbar.com\/padtalk\/#website\",\"url\":\"https:\/\/padthaiwokbar.com\/padtalk\/\",\"name\":\"Padthai Padtalk\",\"description\":\"Padthai Padtalk\",\"publisher\":{\"@id\":\"https:\/\/padthaiwokbar.com\/padtalk\/#organization\"},\"potentialAction\":[{\"@type\":\"SearchAction\",\"target\":{\"@type\":\"EntryPoint\",\"urlTemplate\":\"https:\/\/padthaiwokbar.com\/padtalk\/?s={search_term_string}\"},\"query-input\":{\"@type\":\"PropertyValueSpecification\",\"valueRequired\":true,\"valueName\":\"search_term_string\"}}],\"inLanguage\":\"hu\"},{\"@type\":\"Organization\",\"@id\":\"https:\/\/padthaiwokbar.com\/padtalk\/#organization\",\"name\":\"Padthai Padtalk\",\"url\":\"https:\/\/padthaiwokbar.com\/padtalk\/\",\"logo\":{\"@type\":\"ImageObject\",\"inLanguage\":\"hu\",\"@id\":\"https:\/\/padthaiwokbar.com\/padtalk\/#\/schema\/logo\/image\/\",\"url\":\"https:\/\/padthaiwokbar.com\/padtalk\/wp-content\/uploads\/2021\/10\/logo-sotetre.png\",\"contentUrl\":\"https:\/\/padthaiwokbar.com\/padtalk\/wp-content\/uploads\/2021\/10\/logo-sotetre.png\",\"width\":839,\"height\":838,\"caption\":\"Padthai Padtalk\"},\"image\":{\"@id\":\"https:\/\/padthaiwokbar.com\/padtalk\/#\/schema\/logo\/image\/\"}}]}<\/script>\n<!-- \/ Yoast SEO plugin. -->","yoast_head_json":{"title":"II. padthai j\u00f3ga - Nagy Ann\u00e1val","description":"A j\u00f3ga seg\u00edts\u00e9g\u00e9vel megtanulhattok m\u00e9lyen l\u00e9legezni, figyelmet ford\u00edtani a testetek jelz\u00e9seire \u00e9s megtal\u00e1lni az egyens\u00falyt a test \u00e9s a l\u00e9lek k\u00f6z\u00f6tt.","robots":{"index":"index","follow":"follow","max-snippet":"max-snippet:-1","max-image-preview":"max-image-preview:large","max-video-preview":"max-video-preview:-1"},"canonical":"https:\/\/padthaiwokbar.com\/padtalk\/termek\/ii-padthai-joga\/","og_locale":"hu_HU","og_type":"article","og_title":"II. padthai j\u00f3ga - Nagy Ann\u00e1val","og_description":"A j\u00f3ga seg\u00edts\u00e9g\u00e9vel megtanulhattok m\u00e9lyen l\u00e9legezni, figyelmet ford\u00edtani a testetek jelz\u00e9seire \u00e9s megtal\u00e1lni az egyens\u00falyt a test \u00e9s a l\u00e9lek k\u00f6z\u00f6tt.","og_url":"https:\/\/padthaiwokbar.com\/padtalk\/termek\/ii-padthai-joga\/","og_site_name":"Padthai Padtalk","article_modified_time":"2023-06-24T08:30:09+00:00","og_image":[{"width":1200,"height":1200,"url":"https:\/\/padthaiwokbar.com\/padtalk\/wp-content\/uploads\/2023\/06\/yoga2023_4-02.png","type":"image\/png"}],"twitter_card":"summary_large_image","twitter_misc":{"Becs\u00fclt olvas\u00e1si id\u0151":"2 perc"},"schema":{"@context":"https:\/\/schema.org","@graph":[{"@type":"WebPage","@id":"https:\/\/padthaiwokbar.com\/padtalk\/termek\/ii-padthai-joga\/","url":"https:\/\/padthaiwokbar.com\/padtalk\/termek\/ii-padthai-joga\/","name":"II. padthai j\u00f3ga - Nagy Ann\u00e1val","isPartOf":{"@id":"https:\/\/padthaiwokbar.com\/padtalk\/#website"},"primaryImageOfPage":{"@id":"https:\/\/padthaiwokbar.com\/padtalk\/termek\/ii-padthai-joga\/#primaryimage"},"image":{"@id":"https:\/\/padthaiwokbar.com\/padtalk\/termek\/ii-padthai-joga\/#primaryimage"},"thumbnailUrl":"https:\/\/padthaiwokbar.com\/padtalk\/wp-content\/uploads\/2023\/06\/yoga2023_4-02.png","datePublished":"2023-06-12T12:17:14+00:00","dateModified":"2023-06-24T08:30:09+00:00","description":"A j\u00f3ga seg\u00edts\u00e9g\u00e9vel megtanulhattok m\u00e9lyen l\u00e9legezni, figyelmet ford\u00edtani a testetek jelz\u00e9seire \u00e9s megtal\u00e1lni az egyens\u00falyt a test \u00e9s a l\u00e9lek k\u00f6z\u00f6tt.","breadcrumb":{"@id":"https:\/\/padthaiwokbar.com\/padtalk\/termek\/ii-padthai-joga\/#breadcrumb"},"inLanguage":"hu","potentialAction":[{"@type":"ReadAction","target":["https:\/\/padthaiwokbar.com\/padtalk\/termek\/ii-padthai-joga\/"]}]},{"@type":"ImageObject","inLanguage":"hu","@id":"https:\/\/padthaiwokbar.com\/padtalk\/termek\/ii-padthai-joga\/#primaryimage","url":"https:\/\/padthaiwokbar.com\/padtalk\/wp-content\/uploads\/2023\/06\/yoga2023_4-02.png","contentUrl":"https:\/\/padthaiwokbar.com\/padtalk\/wp-content\/uploads\/2023\/06\/yoga2023_4-02.png","width":1200,"height":1200},{"@type":"BreadcrumbList","@id":"https:\/\/padthaiwokbar.com\/padtalk\/termek\/ii-padthai-joga\/#breadcrumb","itemListElement":[{"@type":"ListItem","position":1,"name":"Kezd\u0151lap","item":"https:\/\/padthaiwokbar.com\/padtalk\/"},{"@type":"ListItem","position":2,"name":"\u00dczlet","item":"https:\/\/padthaiwokbar.com\/padtalk\/uzlet\/"},{"@type":"ListItem","position":3,"name":"II. padthai j\u00f3ga"}]},{"@type":"WebSite","@id":"https:\/\/padthaiwokbar.com\/padtalk\/#website","url":"https:\/\/padthaiwokbar.com\/padtalk\/","name":"Padthai Padtalk","description":"Padthai Padtalk","publisher":{"@id":"https:\/\/padthaiwokbar.com\/padtalk\/#organization"},"potentialAction":[{"@type":"SearchAction","target":{"@type":"EntryPoint","urlTemplate":"https:\/\/padthaiwokbar.com\/padtalk\/?s={search_term_string}"},"query-input":{"@type":"PropertyValueSpecification","valueRequired":true,"valueName":"search_term_string"}}],"inLanguage":"hu"},{"@type":"Organization","@id":"https:\/\/padthaiwokbar.com\/padtalk\/#organization","name":"Padthai Padtalk","url":"https:\/\/padthaiwokbar.com\/padtalk\/","logo":{"@type":"ImageObject","inLanguage":"hu","@id":"https:\/\/padthaiwokbar.com\/padtalk\/#\/schema\/logo\/image\/","url":"https:\/\/padthaiwokbar.com\/padtalk\/wp-content\/uploads\/2021\/10\/logo-sotetre.png","contentUrl":"https:\/\/padthaiwokbar.com\/padtalk\/wp-content\/uploads\/2021\/10\/logo-sotetre.png","width":839,"height":838,"caption":"Padthai Padtalk"},"image":{"@id":"https:\/\/padthaiwokbar.com\/padtalk\/#\/schema\/logo\/image\/"}}]}},"_links":{"self":[{"href":"https:\/\/padthaiwokbar.com\/padtalk\/wp-json\/wp\/v2\/product\/3988","targetHints":{"allow":["GET"]}}],"collection":[{"href":"https:\/\/padthaiwokbar.com\/padtalk\/wp-json\/wp\/v2\/product"}],"about":[{"href":"https:\/\/padthaiwokbar.com\/padtalk\/wp-json\/wp\/v2\/types\/product"}],"wp:featuredmedia":[{"embeddable":true,"href":"https:\/\/padthaiwokbar.com\/padtalk\/wp-json\/wp\/v2\/media\/3989"}],"wp:attachment":[{"href":"https:\/\/padthaiwokbar.com\/padtalk\/wp-json\/wp\/v2\/media?parent=3988"}],"wp:term":[{"taxonomy":"product_cat","embeddable":true,"href":"https:\/\/padthaiwokbar.com\/padtalk\/wp-json\/wp\/v2\/product_cat?post=3988"},{"taxonomy":"product_tag","embeddable":true,"href":"https:\/\/padthaiwokbar.com\/padtalk\/wp-json\/wp\/v2\/product_tag?post=3988"}],"curies":[{"name":"wp","href":"https:\/\/api.w.org\/{rel}","templated":true}]}}