{"id":3772,"date":"2023-02-13T20:22:36","date_gmt":"2023-02-13T20:22:36","guid":{"rendered":"https:\/\/padthaiwokbar.com\/padtalk\/?post_type=product&#038;p=3772"},"modified":"2023-11-24T13:36:59","modified_gmt":"2023-11-24T13:36:59","slug":"vii-padtalk-ivan-simi","status":"publish","type":"product","link":"https:\/\/padthaiwokbar.com\/padtalk\/termek\/vii-padtalk-ivan-simi\/","title":{"rendered":"VII. PADTALK &#8211; Vit\u00e1ris Iv\u00e1nnal \u00e9s Simon B\u00e1linttal"},"content":{"rendered":"<p>A 2023-as #FOREVERYOUNG koncepci\u00f3t fel\u00f6lel\u0151 PADTALK sorozatunk a fiatals\u00e1g, \u00e9let\u00fcnk k\u00fcl\u00f6nb\u00f6z\u0151 szakaszai, \u00e9s az azokkal j\u00e1r\u00f3 kih\u00edv\u00e1sok k\u00f6r\u00fcl forog, kiv\u00e1l\u00f3 besz\u00e9lget\u0151partnerekkel.<\/p>\n<p>November 23-\u00e1n az Ivan &#038; The Parazol magyar alternat\u00edv rock banda \u00e9nekese, Vit\u00e1ris Iv\u00e1n, \u00e9s az egy\u00fcttes dobosa, Simon B\u00e1lint, osztj\u00e1k meg vel\u00fcnk a fiatals\u00e1g t\u00e9mak\u00f6r\u00e9t k\u00f6r\u00fclleng\u0151 gondolataikat. Iv\u00e1n \u00e9s \u2018Simi\u2019 nem csak zen\u00e9szek, hanem \u00e9letm\u0171v\u00e9szek is, akiknek a zene \u00e9s az \u00e9let filoz\u00f3fi\u00e1ja \u00f6sszefon\u00f3dik. Nekik vajon ebben rejlik az \u00f6r\u00f6k fiatals\u00e1g kulcsa.<br \/>\nA besz\u00e9lget\u00e9s moder\u00e1tora, F\u00e1bi\u00e1n S\u00e1ra, az Amigos a Gyerekek\u00e9rt Alap\u00edtv\u00e1ny meg\u00e1lmod\u00f3ja. \u0150 is egy olyan szem\u00e9ly, aki szenved\u00e9lyesen hisz a fiatals\u00e1g erej\u00e9ben \u00e9s a gyermekek\u00e9rt v\u00e9gzett munka fontoss\u00e1g\u00e1ban.<br \/>\nK\u00f6zelg\u0151 el\u0151ad\u00e1sunkkal c\u00e9lunk, hogy el\u0151csalogassuk a mindenkiben megb\u00fav\u00f3 gyermeket, nevess\u00fcnk egy\u00fctt, \u00e9s l\u00e9lekben maradjunk fiatalok. Mi hisz\u00fcnk benne, hogy mindannyiunkban ott lapul az \u00f6r\u00f6k gyermek, \u00e9s ez az, ami \u00e9ltet \u00e9s inspir\u00e1l. Csatlakozzatok hozz\u00e1nk \u00e9s ker\u00fclj\u00fcnk k\u00f6z\u00f6sen egy l\u00e9p\u00e9ssel k\u00f6zelebb a fiatals\u00e1g titk\u00e1hoz, fejts\u00fck meg hogyan lehet\u00fcnk \u00f6nmagunk \u00e9s maradhatunk gyermekek a sz\u00edv\u00fcnkben?<\/p>\n<p>November 23-\u00e1n tartsatok vel\u00fcnk a padthai Corvinban \u00e9s ne feledj\u00e9tek, a jegyek korl\u00e1tozott sz\u00e1mban kaphat\u00f3ak, ne t\u00e9tov\u00e1zzatok! Az esem\u00e9ny sor\u00e1n \u00e9tterm\u00fcnkben \u00e1ll\u00f3 \u00e9s mozg\u00f3k\u00e9pi tartalom k\u00e9sz\u00fcl.<\/p>\n<p>A jegy\u00e1r lefogyaszthat\u00f3 lesz az este folyam\u00e1n, kiz\u00e1r\u00f3lag az el\u0151ad\u00e1s ut\u00e1n a padthai Corvinban.<br \/>\n<strong>A sikeres v\u00e1s\u00e1rl\u00e1st igazol\u00f3 email bemutat\u00e1s\u00e1val jogosultak a bel\u00e9p\u00e9sre, az 2000 Ft \u00e9rt\u00e9k\u0171 lefogyaszthat\u00f3 kupon az el\u0151ad\u00e1s el\u0151tt a helysz\u00ednen ker\u00fcl \u00e1tad\u00e1sra.<\/strong><\/p>\n","protected":false},"excerpt":{"rendered":"<p>A 7. PADTALK esem\u00e9ny 2023.11.23-\u00e1n 19:00-kor a padthai Corvinban.<\/p>\n<p><strong>A sikeres v\u00e1s\u00e1rl\u00e1st igazol\u00f3 email bemutat\u00e1s\u00e1val jogosultak a bel\u00e9p\u00e9sre, az 2000 Ft \u00e9rt\u00e9k\u0171 lefogyaszthat\u00f3 kupon az el\u0151ad\u00e1s el\u0151tt a helysz\u00ednen ker\u00fcl \u00e1tad\u00e1sra. Az esem\u00e9ny sor\u00e1n \u00e9tterm\u00fcnkben \u00e1ll\u00f3 \u00e9s mozg\u00f3k\u00e9pi tartalom k\u00e9sz\u00fcl.<\/strong><\/p>\n","protected":false},"featured_media":4030,"template":"","meta":[],"product_cat":[25],"product_tag":[26],"class_list":{"0":"post-3772","1":"product","2":"type-product","3":"status-publish","4":"has-post-thumbnail","6":"product_cat-padtalk","7":"product_tag-belepo","9":"first","10":"outofstock","11":"virtual","12":"taxable","13":"purchasable","14":"product-type-simple"},"yoast_head":"<!-- This site is optimized with the Yoast SEO plugin v23.9 - https:\/\/yoast.com\/wordpress\/plugins\/seo\/ -->\n<title>VII. PADTALK - Vit\u00e1ris Iv\u00e1nnal \u00e9s Simon B\u00e1linttal - Padthai Padtalk<\/title>\n<meta name=\"description\" content=\"Nov. 23-\u00e1n az Ivan&amp;the Parazol \u00e9nekese, Vit\u00e1ris Iv\u00e1n, \u00e9s az egy\u00fcttes dobosa, Simon B\u00e1lint, osztj\u00e1k meg vel\u00fcnk a fiatals\u00e1g t\u00e9mak\u00f6r\u00e9t k\u00f6r\u00fclleng\u0151 gondolataikat\" \/>\n<meta name=\"robots\" content=\"index, follow, max-snippet:-1, max-image-preview:large, max-video-preview:-1\" \/>\n<link rel=\"canonical\" href=\"https:\/\/padthaiwokbar.com\/padtalk\/termek\/vii-padtalk-ivan-simi\/\" \/>\n<meta property=\"og:locale\" content=\"hu_HU\" \/>\n<meta property=\"og:type\" content=\"article\" \/>\n<meta property=\"og:title\" content=\"VII. PADTALK - Vit\u00e1ris Iv\u00e1nnal \u00e9s Simon B\u00e1linttal - Padthai Padtalk\" \/>\n<meta property=\"og:description\" content=\"Nov. 23-\u00e1n az Ivan&amp;the Parazol \u00e9nekese, Vit\u00e1ris Iv\u00e1n, \u00e9s az egy\u00fcttes dobosa, Simon B\u00e1lint, osztj\u00e1k meg vel\u00fcnk a fiatals\u00e1g t\u00e9mak\u00f6r\u00e9t k\u00f6r\u00fclleng\u0151 gondolataikat\" \/>\n<meta property=\"og:url\" content=\"https:\/\/padthaiwokbar.com\/padtalk\/termek\/vii-padtalk-ivan-simi\/\" \/>\n<meta property=\"og:site_name\" content=\"Padthai Padtalk\" \/>\n<meta property=\"article:modified_time\" content=\"2023-11-24T13:36:59+00:00\" \/>\n<meta property=\"og:image\" content=\"https:\/\/padthaiwokbar.com\/padtalk\/wp-content\/uploads\/2023\/02\/padtalk7-05.png\" \/>\n\t<meta property=\"og:image:width\" content=\"721\" \/>\n\t<meta property=\"og:image:height\" content=\"721\" \/>\n\t<meta property=\"og:image:type\" content=\"image\/png\" \/>\n<meta name=\"twitter:card\" content=\"summary_large_image\" \/>\n<meta name=\"twitter:label1\" content=\"Becs\u00fclt olvas\u00e1si id\u0151\" \/>\n\t<meta name=\"twitter:data1\" content=\"2 perc\" \/>\n<script type=\"application\/ld+json\" class=\"yoast-schema-graph\">{\"@context\":\"https:\/\/schema.org\",\"@graph\":[{\"@type\":\"WebPage\",\"@id\":\"https:\/\/padthaiwokbar.com\/padtalk\/termek\/vii-padtalk-ivan-simi\/\",\"url\":\"https:\/\/padthaiwokbar.com\/padtalk\/termek\/vii-padtalk-ivan-simi\/\",\"name\":\"VII. PADTALK - Vit\u00e1ris Iv\u00e1nnal \u00e9s Simon B\u00e1linttal - Padthai Padtalk\",\"isPartOf\":{\"@id\":\"https:\/\/padthaiwokbar.com\/padtalk\/#website\"},\"primaryImageOfPage\":{\"@id\":\"https:\/\/padthaiwokbar.com\/padtalk\/termek\/vii-padtalk-ivan-simi\/#primaryimage\"},\"image\":{\"@id\":\"https:\/\/padthaiwokbar.com\/padtalk\/termek\/vii-padtalk-ivan-simi\/#primaryimage\"},\"thumbnailUrl\":\"https:\/\/padthaiwokbar.com\/padtalk\/wp-content\/uploads\/2023\/02\/padtalk7-05.png\",\"datePublished\":\"2023-02-13T20:22:36+00:00\",\"dateModified\":\"2023-11-24T13:36:59+00:00\",\"description\":\"Nov. 23-\u00e1n az Ivan&the Parazol \u00e9nekese, Vit\u00e1ris Iv\u00e1n, \u00e9s az egy\u00fcttes dobosa, Simon B\u00e1lint, osztj\u00e1k meg vel\u00fcnk a fiatals\u00e1g t\u00e9mak\u00f6r\u00e9t k\u00f6r\u00fclleng\u0151 gondolataikat\",\"breadcrumb\":{\"@id\":\"https:\/\/padthaiwokbar.com\/padtalk\/termek\/vii-padtalk-ivan-simi\/#breadcrumb\"},\"inLanguage\":\"hu\",\"potentialAction\":[{\"@type\":\"ReadAction\",\"target\":[\"https:\/\/padthaiwokbar.com\/padtalk\/termek\/vii-padtalk-ivan-simi\/\"]}]},{\"@type\":\"ImageObject\",\"inLanguage\":\"hu\",\"@id\":\"https:\/\/padthaiwokbar.com\/padtalk\/termek\/vii-padtalk-ivan-simi\/#primaryimage\",\"url\":\"https:\/\/padthaiwokbar.com\/padtalk\/wp-content\/uploads\/2023\/02\/padtalk7-05.png\",\"contentUrl\":\"https:\/\/padthaiwokbar.com\/padtalk\/wp-content\/uploads\/2023\/02\/padtalk7-05.png\",\"width\":721,\"height\":721},{\"@type\":\"BreadcrumbList\",\"@id\":\"https:\/\/padthaiwokbar.com\/padtalk\/termek\/vii-padtalk-ivan-simi\/#breadcrumb\",\"itemListElement\":[{\"@type\":\"ListItem\",\"position\":1,\"name\":\"Kezd\u0151lap\",\"item\":\"https:\/\/padthaiwokbar.com\/padtalk\/\"},{\"@type\":\"ListItem\",\"position\":2,\"name\":\"\u00dczlet\",\"item\":\"https:\/\/padthaiwokbar.com\/padtalk\/uzlet\/\"},{\"@type\":\"ListItem\",\"position\":3,\"name\":\"VII. PADTALK &#8211; Vit\u00e1ris Iv\u00e1nnal \u00e9s Simon B\u00e1linttal\"}]},{\"@type\":\"WebSite\",\"@id\":\"https:\/\/padthaiwokbar.com\/padtalk\/#website\",\"url\":\"https:\/\/padthaiwokbar.com\/padtalk\/\",\"name\":\"Padthai Padtalk\",\"description\":\"Padthai Padtalk\",\"publisher\":{\"@id\":\"https:\/\/padthaiwokbar.com\/padtalk\/#organization\"},\"potentialAction\":[{\"@type\":\"SearchAction\",\"target\":{\"@type\":\"EntryPoint\",\"urlTemplate\":\"https:\/\/padthaiwokbar.com\/padtalk\/?s={search_term_string}\"},\"query-input\":{\"@type\":\"PropertyValueSpecification\",\"valueRequired\":true,\"valueName\":\"search_term_string\"}}],\"inLanguage\":\"hu\"},{\"@type\":\"Organization\",\"@id\":\"https:\/\/padthaiwokbar.com\/padtalk\/#organization\",\"name\":\"Padthai Padtalk\",\"url\":\"https:\/\/padthaiwokbar.com\/padtalk\/\",\"logo\":{\"@type\":\"ImageObject\",\"inLanguage\":\"hu\",\"@id\":\"https:\/\/padthaiwokbar.com\/padtalk\/#\/schema\/logo\/image\/\",\"url\":\"https:\/\/padthaiwokbar.com\/padtalk\/wp-content\/uploads\/2021\/10\/logo-sotetre.png\",\"contentUrl\":\"https:\/\/padthaiwokbar.com\/padtalk\/wp-content\/uploads\/2021\/10\/logo-sotetre.png\",\"width\":839,\"height\":838,\"caption\":\"Padthai Padtalk\"},\"image\":{\"@id\":\"https:\/\/padthaiwokbar.com\/padtalk\/#\/schema\/logo\/image\/\"}}]}<\/script>\n<!-- \/ Yoast SEO plugin. -->","yoast_head_json":{"title":"VII. PADTALK - Vit\u00e1ris Iv\u00e1nnal \u00e9s Simon B\u00e1linttal - Padthai Padtalk","description":"Nov. 23-\u00e1n az Ivan&the Parazol \u00e9nekese, Vit\u00e1ris Iv\u00e1n, \u00e9s az egy\u00fcttes dobosa, Simon B\u00e1lint, osztj\u00e1k meg vel\u00fcnk a fiatals\u00e1g t\u00e9mak\u00f6r\u00e9t k\u00f6r\u00fclleng\u0151 gondolataikat","robots":{"index":"index","follow":"follow","max-snippet":"max-snippet:-1","max-image-preview":"max-image-preview:large","max-video-preview":"max-video-preview:-1"},"canonical":"https:\/\/padthaiwokbar.com\/padtalk\/termek\/vii-padtalk-ivan-simi\/","og_locale":"hu_HU","og_type":"article","og_title":"VII. PADTALK - Vit\u00e1ris Iv\u00e1nnal \u00e9s Simon B\u00e1linttal - Padthai Padtalk","og_description":"Nov. 23-\u00e1n az Ivan&the Parazol \u00e9nekese, Vit\u00e1ris Iv\u00e1n, \u00e9s az egy\u00fcttes dobosa, Simon B\u00e1lint, osztj\u00e1k meg vel\u00fcnk a fiatals\u00e1g t\u00e9mak\u00f6r\u00e9t k\u00f6r\u00fclleng\u0151 gondolataikat","og_url":"https:\/\/padthaiwokbar.com\/padtalk\/termek\/vii-padtalk-ivan-simi\/","og_site_name":"Padthai Padtalk","article_modified_time":"2023-11-24T13:36:59+00:00","og_image":[{"width":721,"height":721,"url":"https:\/\/padthaiwokbar.com\/padtalk\/wp-content\/uploads\/2023\/02\/padtalk7-05.png","type":"image\/png"}],"twitter_card":"summary_large_image","twitter_misc":{"Becs\u00fclt olvas\u00e1si id\u0151":"2 perc"},"schema":{"@context":"https:\/\/schema.org","@graph":[{"@type":"WebPage","@id":"https:\/\/padthaiwokbar.com\/padtalk\/termek\/vii-padtalk-ivan-simi\/","url":"https:\/\/padthaiwokbar.com\/padtalk\/termek\/vii-padtalk-ivan-simi\/","name":"VII. PADTALK - Vit\u00e1ris Iv\u00e1nnal \u00e9s Simon B\u00e1linttal - Padthai Padtalk","isPartOf":{"@id":"https:\/\/padthaiwokbar.com\/padtalk\/#website"},"primaryImageOfPage":{"@id":"https:\/\/padthaiwokbar.com\/padtalk\/termek\/vii-padtalk-ivan-simi\/#primaryimage"},"image":{"@id":"https:\/\/padthaiwokbar.com\/padtalk\/termek\/vii-padtalk-ivan-simi\/#primaryimage"},"thumbnailUrl":"https:\/\/padthaiwokbar.com\/padtalk\/wp-content\/uploads\/2023\/02\/padtalk7-05.png","datePublished":"2023-02-13T20:22:36+00:00","dateModified":"2023-11-24T13:36:59+00:00","description":"Nov. 23-\u00e1n az Ivan&the Parazol \u00e9nekese, Vit\u00e1ris Iv\u00e1n, \u00e9s az egy\u00fcttes dobosa, Simon B\u00e1lint, osztj\u00e1k meg vel\u00fcnk a fiatals\u00e1g t\u00e9mak\u00f6r\u00e9t k\u00f6r\u00fclleng\u0151 gondolataikat","breadcrumb":{"@id":"https:\/\/padthaiwokbar.com\/padtalk\/termek\/vii-padtalk-ivan-simi\/#breadcrumb"},"inLanguage":"hu","potentialAction":[{"@type":"ReadAction","target":["https:\/\/padthaiwokbar.com\/padtalk\/termek\/vii-padtalk-ivan-simi\/"]}]},{"@type":"ImageObject","inLanguage":"hu","@id":"https:\/\/padthaiwokbar.com\/padtalk\/termek\/vii-padtalk-ivan-simi\/#primaryimage","url":"https:\/\/padthaiwokbar.com\/padtalk\/wp-content\/uploads\/2023\/02\/padtalk7-05.png","contentUrl":"https:\/\/padthaiwokbar.com\/padtalk\/wp-content\/uploads\/2023\/02\/padtalk7-05.png","width":721,"height":721},{"@type":"BreadcrumbList","@id":"https:\/\/padthaiwokbar.com\/padtalk\/termek\/vii-padtalk-ivan-simi\/#breadcrumb","itemListElement":[{"@type":"ListItem","position":1,"name":"Kezd\u0151lap","item":"https:\/\/padthaiwokbar.com\/padtalk\/"},{"@type":"ListItem","position":2,"name":"\u00dczlet","item":"https:\/\/padthaiwokbar.com\/padtalk\/uzlet\/"},{"@type":"ListItem","position":3,"name":"VII. PADTALK &#8211; Vit\u00e1ris Iv\u00e1nnal \u00e9s Simon B\u00e1linttal"}]},{"@type":"WebSite","@id":"https:\/\/padthaiwokbar.com\/padtalk\/#website","url":"https:\/\/padthaiwokbar.com\/padtalk\/","name":"Padthai Padtalk","description":"Padthai Padtalk","publisher":{"@id":"https:\/\/padthaiwokbar.com\/padtalk\/#organization"},"potentialAction":[{"@type":"SearchAction","target":{"@type":"EntryPoint","urlTemplate":"https:\/\/padthaiwokbar.com\/padtalk\/?s={search_term_string}"},"query-input":{"@type":"PropertyValueSpecification","valueRequired":true,"valueName":"search_term_string"}}],"inLanguage":"hu"},{"@type":"Organization","@id":"https:\/\/padthaiwokbar.com\/padtalk\/#organization","name":"Padthai Padtalk","url":"https:\/\/padthaiwokbar.com\/padtalk\/","logo":{"@type":"ImageObject","inLanguage":"hu","@id":"https:\/\/padthaiwokbar.com\/padtalk\/#\/schema\/logo\/image\/","url":"https:\/\/padthaiwokbar.com\/padtalk\/wp-content\/uploads\/2021\/10\/logo-sotetre.png","contentUrl":"https:\/\/padthaiwokbar.com\/padtalk\/wp-content\/uploads\/2021\/10\/logo-sotetre.png","width":839,"height":838,"caption":"Padthai Padtalk"},"image":{"@id":"https:\/\/padthaiwokbar.com\/padtalk\/#\/schema\/logo\/image\/"}}]}},"_links":{"self":[{"href":"https:\/\/padthaiwokbar.com\/padtalk\/wp-json\/wp\/v2\/product\/3772","targetHints":{"allow":["GET"]}}],"collection":[{"href":"https:\/\/padthaiwokbar.com\/padtalk\/wp-json\/wp\/v2\/product"}],"about":[{"href":"https:\/\/padthaiwokbar.com\/padtalk\/wp-json\/wp\/v2\/types\/product"}],"wp:featuredmedia":[{"embeddable":true,"href":"https:\/\/padthaiwokbar.com\/padtalk\/wp-json\/wp\/v2\/media\/4030"}],"wp:attachment":[{"href":"https:\/\/padthaiwokbar.com\/padtalk\/wp-json\/wp\/v2\/media?parent=3772"}],"wp:term":[{"taxonomy":"product_cat","embeddable":true,"href":"https:\/\/padthaiwokbar.com\/padtalk\/wp-json\/wp\/v2\/product_cat?post=3772"},{"taxonomy":"product_tag","embeddable":true,"href":"https:\/\/padthaiwokbar.com\/padtalk\/wp-json\/wp\/v2\/product_tag?post=3772"}],"curies":[{"name":"wp","href":"https:\/\/api.w.org\/{rel}","templated":true}]}}