{"id":3771,"date":"2023-02-13T20:19:24","date_gmt":"2023-02-13T20:19:24","guid":{"rendered":"https:\/\/padthaiwokbar.com\/padtalk\/?post_type=product&#038;p=3771"},"modified":"2023-05-16T07:42:47","modified_gmt":"2023-05-16T07:42:47","slug":"vi-padtalk-markoval-es-barnaval","status":"publish","type":"product","link":"https:\/\/padthaiwokbar.com\/padtalk\/termek\/vi-padtalk-markoval-es-barnaval\/","title":{"rendered":"VI. PADTALK M\u00e1rk\u00f3val \u00e9s Barn\u00e1val"},"content":{"rendered":"<div>Folytatva a m\u00e1r bemutatott 2023-as\u00a0#FOREVERYOUNG koncepci\u00f3t, tov\u00e1bb utazunk a fiatals\u00e1g- \u00a0feln\u0151tt\u00e9 v\u00e1l\u00e1s- \u00e9s ezzel j\u00e1r\u00f3 sz\u00e9ps\u00e9gek \u00e9s kih\u00edv\u00e1sok vonal\u00e1n. Ez\u00fattal is izgalmas \u00e9s sokak \u00e1ltal kedvelt arcok kalauzolnak Titeket tov\u00e1bb ezen az \u00faton: a S\u00edkideg fi\u00fak, <strong>Lincz\u00e9nyi M\u00e1rk\u00f3 \u00e9s Turai Barna<\/strong>!<\/div>\n<div>Barna lassan a 30-as \u00e9veibe l\u00e9p, M\u00e1rk\u00f3 k\u00f6zel\u00edt a 40-hez, azonban k\u00f6z\u00f6ns\u00e9g\u00fck nagy r\u00e9sz\u00e9t\u00a0a 20-as \u00e9veikben l\u00e9v\u0151k teszik, ez a h\u00e1rom halmaz els\u0151 l\u00e1t\u00e1sra k\u00fcl\u00f6nb\u00f6z\u0151nek t\u0171nhet, m\u00e9gis \u00e9rdekesen adnak ki k\u00f6z\u00f6sen egy metszetet. Hogyan birk\u00f3zzunk meg az \u00fajabb \u00e9s \u00fajabb \u00e9letszakaszok kih\u00edv\u00e1saival? Mi az idegesked\u00e9s l\u00e9lektana, mikor hasznos, mikor nem? Mindez persze a fi\u00fakt\u00f3l megszokott humorral f\u0171szerezve egy sz\u00f3rakoztat\u00f3, m\u00e9gis sokat jelent\u0151 besz\u00e9lget\u00e9snek \u00edg\u00e9rkezik!<\/div>\n<div>A besz\u00e9lget\u00e9s moder\u00e1torak\u00e9nt\u00a0a sz\u00ednpadon m\u00e9g tal\u00e1lkozhattok\u00a0<strong>F\u00e1bi\u00e1n S\u00e1r\u00e1<\/strong>val, az Amigos a gyermekek\u00e9rt Alap\u00edtv\u00e1ny meg\u00e1lmod\u00f3j\u00e1val.<\/div>\n<div>M\u00e1jus 26-\u00e1n tartsatok vel\u00fcnk a padthai Corvinban\u00a0\u00e9s ne feledj\u00e9tek, a jegyek korl\u00e1tozott sz\u00e1mban kaphat\u00f3ak, ne t\u00e9tov\u00e1zzatok!<\/div>\n<div>A jegy\u00e1r lefogyaszthat\u00f3 lesz az este folyam\u00e1n, kiz\u00e1r\u00f3lag az el\u0151ad\u00e1s ut\u00e1n a padthai Corvinban.<\/div>\n<p><strong>A sikeres v\u00e1s\u00e1rl\u00e1st igazol\u00f3 email bemutat\u00e1s\u00e1val jogosultak a bel\u00e9p\u00e9sre, az 2000 Ft \u00e9rt\u00e9k\u0171 lefogyaszthat\u00f3 kupon az el\u0151ad\u00e1s el\u0151tt a helysz\u00ednen ker\u00fcl \u00e1tad\u00e1sra.<\/strong><\/p>\n","protected":false},"excerpt":{"rendered":"<p>A 6. PADTALK esem\u00e9ny 2023.05.26-\u00e1n 19:00-kor a padthai Corvinban.<\/p>\n<p><strong>A sikeres v\u00e1s\u00e1rl\u00e1st igazol\u00f3 email bemutat\u00e1s\u00e1val jogosultak a bel\u00e9p\u00e9sre, az 2000 Ft \u00e9rt\u00e9k\u0171 lefogyaszthat\u00f3 kupon az el\u0151ad\u00e1s el\u0151tt a helysz\u00ednen ker\u00fcl \u00e1tad\u00e1sra. Az esem\u00e9ny sor\u00e1n \u00e9tterm\u00fcnkben \u00e1ll\u00f3 \u00e9s mozg\u00f3k\u00e9pi tartalom k\u00e9sz\u00fcl.<\/strong><\/p>\n","protected":false},"featured_media":3909,"template":"","meta":[],"product_cat":[25],"product_tag":[26],"class_list":{"0":"post-3771","1":"product","2":"type-product","3":"status-publish","4":"has-post-thumbnail","6":"product_cat-padtalk","7":"product_tag-belepo","9":"first","10":"outofstock","11":"virtual","12":"taxable","13":"purchasable","14":"product-type-simple"},"yoast_head":"<!-- This site is optimized with the Yoast SEO plugin v23.9 - https:\/\/yoast.com\/wordpress\/plugins\/seo\/ -->\n<title>VI. PADTALK M\u00e1rk\u00f3val \u00e9s Barn\u00e1val - Padthai Padtalk<\/title>\n<meta name=\"description\" content=\"Ez\u00fattal is izgalmas \u00e9s sokak \u00e1ltal kedvelt arcok kalauzolnak Titeket tov\u00e1bb ezen az \u00faton: a S\u00edkideg fi\u00fak, Lincz\u00e9nyi M\u00e1rk\u00f3 \u00e9s Turai Barna!\" \/>\n<meta name=\"robots\" content=\"index, follow, max-snippet:-1, max-image-preview:large, max-video-preview:-1\" \/>\n<link rel=\"canonical\" href=\"https:\/\/padthaiwokbar.com\/padtalk\/termek\/vi-padtalk-markoval-es-barnaval\/\" \/>\n<meta property=\"og:locale\" content=\"hu_HU\" \/>\n<meta property=\"og:type\" content=\"article\" \/>\n<meta property=\"og:title\" content=\"VI. PADTALK M\u00e1rk\u00f3val \u00e9s Barn\u00e1val - Padthai Padtalk\" \/>\n<meta property=\"og:description\" content=\"Ez\u00fattal is izgalmas \u00e9s sokak \u00e1ltal kedvelt arcok kalauzolnak Titeket tov\u00e1bb ezen az \u00faton: a S\u00edkideg fi\u00fak, Lincz\u00e9nyi M\u00e1rk\u00f3 \u00e9s Turai Barna!\" \/>\n<meta property=\"og:url\" content=\"https:\/\/padthaiwokbar.com\/padtalk\/termek\/vi-padtalk-markoval-es-barnaval\/\" \/>\n<meta property=\"og:site_name\" content=\"Padthai Padtalk\" \/>\n<meta property=\"article:modified_time\" content=\"2023-05-16T07:42:47+00:00\" \/>\n<meta property=\"og:image\" content=\"https:\/\/padthaiwokbar.com\/padtalk\/wp-content\/uploads\/2023\/02\/padtalk6-03.png\" \/>\n\t<meta property=\"og:image:width\" content=\"1201\" \/>\n\t<meta property=\"og:image:height\" content=\"1201\" \/>\n\t<meta property=\"og:image:type\" content=\"image\/png\" \/>\n<meta name=\"twitter:card\" content=\"summary_large_image\" \/>\n<meta name=\"twitter:label1\" content=\"Becs\u00fclt olvas\u00e1si id\u0151\" \/>\n\t<meta name=\"twitter:data1\" content=\"1 perc\" \/>\n<script type=\"application\/ld+json\" class=\"yoast-schema-graph\">{\"@context\":\"https:\/\/schema.org\",\"@graph\":[{\"@type\":\"WebPage\",\"@id\":\"https:\/\/padthaiwokbar.com\/padtalk\/termek\/vi-padtalk-markoval-es-barnaval\/\",\"url\":\"https:\/\/padthaiwokbar.com\/padtalk\/termek\/vi-padtalk-markoval-es-barnaval\/\",\"name\":\"VI. PADTALK M\u00e1rk\u00f3val \u00e9s Barn\u00e1val - Padthai Padtalk\",\"isPartOf\":{\"@id\":\"https:\/\/padthaiwokbar.com\/padtalk\/#website\"},\"primaryImageOfPage\":{\"@id\":\"https:\/\/padthaiwokbar.com\/padtalk\/termek\/vi-padtalk-markoval-es-barnaval\/#primaryimage\"},\"image\":{\"@id\":\"https:\/\/padthaiwokbar.com\/padtalk\/termek\/vi-padtalk-markoval-es-barnaval\/#primaryimage\"},\"thumbnailUrl\":\"https:\/\/padthaiwokbar.com\/padtalk\/wp-content\/uploads\/2023\/02\/padtalk6-03.png\",\"datePublished\":\"2023-02-13T20:19:24+00:00\",\"dateModified\":\"2023-05-16T07:42:47+00:00\",\"description\":\"Ez\u00fattal is izgalmas \u00e9s sokak \u00e1ltal kedvelt arcok kalauzolnak Titeket tov\u00e1bb ezen az \u00faton: a S\u00edkideg fi\u00fak, Lincz\u00e9nyi M\u00e1rk\u00f3 \u00e9s Turai Barna!\",\"breadcrumb\":{\"@id\":\"https:\/\/padthaiwokbar.com\/padtalk\/termek\/vi-padtalk-markoval-es-barnaval\/#breadcrumb\"},\"inLanguage\":\"hu\",\"potentialAction\":[{\"@type\":\"ReadAction\",\"target\":[\"https:\/\/padthaiwokbar.com\/padtalk\/termek\/vi-padtalk-markoval-es-barnaval\/\"]}]},{\"@type\":\"ImageObject\",\"inLanguage\":\"hu\",\"@id\":\"https:\/\/padthaiwokbar.com\/padtalk\/termek\/vi-padtalk-markoval-es-barnaval\/#primaryimage\",\"url\":\"https:\/\/padthaiwokbar.com\/padtalk\/wp-content\/uploads\/2023\/02\/padtalk6-03.png\",\"contentUrl\":\"https:\/\/padthaiwokbar.com\/padtalk\/wp-content\/uploads\/2023\/02\/padtalk6-03.png\",\"width\":1201,\"height\":1201},{\"@type\":\"BreadcrumbList\",\"@id\":\"https:\/\/padthaiwokbar.com\/padtalk\/termek\/vi-padtalk-markoval-es-barnaval\/#breadcrumb\",\"itemListElement\":[{\"@type\":\"ListItem\",\"position\":1,\"name\":\"Kezd\u0151lap\",\"item\":\"https:\/\/padthaiwokbar.com\/padtalk\/\"},{\"@type\":\"ListItem\",\"position\":2,\"name\":\"\u00dczlet\",\"item\":\"https:\/\/padthaiwokbar.com\/padtalk\/uzlet\/\"},{\"@type\":\"ListItem\",\"position\":3,\"name\":\"VI. PADTALK M\u00e1rk\u00f3val \u00e9s Barn\u00e1val\"}]},{\"@type\":\"WebSite\",\"@id\":\"https:\/\/padthaiwokbar.com\/padtalk\/#website\",\"url\":\"https:\/\/padthaiwokbar.com\/padtalk\/\",\"name\":\"Padthai Padtalk\",\"description\":\"Padthai Padtalk\",\"publisher\":{\"@id\":\"https:\/\/padthaiwokbar.com\/padtalk\/#organization\"},\"potentialAction\":[{\"@type\":\"SearchAction\",\"target\":{\"@type\":\"EntryPoint\",\"urlTemplate\":\"https:\/\/padthaiwokbar.com\/padtalk\/?s={search_term_string}\"},\"query-input\":{\"@type\":\"PropertyValueSpecification\",\"valueRequired\":true,\"valueName\":\"search_term_string\"}}],\"inLanguage\":\"hu\"},{\"@type\":\"Organization\",\"@id\":\"https:\/\/padthaiwokbar.com\/padtalk\/#organization\",\"name\":\"Padthai Padtalk\",\"url\":\"https:\/\/padthaiwokbar.com\/padtalk\/\",\"logo\":{\"@type\":\"ImageObject\",\"inLanguage\":\"hu\",\"@id\":\"https:\/\/padthaiwokbar.com\/padtalk\/#\/schema\/logo\/image\/\",\"url\":\"https:\/\/padthaiwokbar.com\/padtalk\/wp-content\/uploads\/2021\/10\/logo-sotetre.png\",\"contentUrl\":\"https:\/\/padthaiwokbar.com\/padtalk\/wp-content\/uploads\/2021\/10\/logo-sotetre.png\",\"width\":839,\"height\":838,\"caption\":\"Padthai Padtalk\"},\"image\":{\"@id\":\"https:\/\/padthaiwokbar.com\/padtalk\/#\/schema\/logo\/image\/\"}}]}<\/script>\n<!-- \/ Yoast SEO plugin. -->","yoast_head_json":{"title":"VI. PADTALK M\u00e1rk\u00f3val \u00e9s Barn\u00e1val - Padthai Padtalk","description":"Ez\u00fattal is izgalmas \u00e9s sokak \u00e1ltal kedvelt arcok kalauzolnak Titeket tov\u00e1bb ezen az \u00faton: a S\u00edkideg fi\u00fak, Lincz\u00e9nyi M\u00e1rk\u00f3 \u00e9s Turai Barna!","robots":{"index":"index","follow":"follow","max-snippet":"max-snippet:-1","max-image-preview":"max-image-preview:large","max-video-preview":"max-video-preview:-1"},"canonical":"https:\/\/padthaiwokbar.com\/padtalk\/termek\/vi-padtalk-markoval-es-barnaval\/","og_locale":"hu_HU","og_type":"article","og_title":"VI. PADTALK M\u00e1rk\u00f3val \u00e9s Barn\u00e1val - Padthai Padtalk","og_description":"Ez\u00fattal is izgalmas \u00e9s sokak \u00e1ltal kedvelt arcok kalauzolnak Titeket tov\u00e1bb ezen az \u00faton: a S\u00edkideg fi\u00fak, Lincz\u00e9nyi M\u00e1rk\u00f3 \u00e9s Turai Barna!","og_url":"https:\/\/padthaiwokbar.com\/padtalk\/termek\/vi-padtalk-markoval-es-barnaval\/","og_site_name":"Padthai Padtalk","article_modified_time":"2023-05-16T07:42:47+00:00","og_image":[{"width":1201,"height":1201,"url":"https:\/\/padthaiwokbar.com\/padtalk\/wp-content\/uploads\/2023\/02\/padtalk6-03.png","type":"image\/png"}],"twitter_card":"summary_large_image","twitter_misc":{"Becs\u00fclt olvas\u00e1si id\u0151":"1 perc"},"schema":{"@context":"https:\/\/schema.org","@graph":[{"@type":"WebPage","@id":"https:\/\/padthaiwokbar.com\/padtalk\/termek\/vi-padtalk-markoval-es-barnaval\/","url":"https:\/\/padthaiwokbar.com\/padtalk\/termek\/vi-padtalk-markoval-es-barnaval\/","name":"VI. PADTALK M\u00e1rk\u00f3val \u00e9s Barn\u00e1val - Padthai Padtalk","isPartOf":{"@id":"https:\/\/padthaiwokbar.com\/padtalk\/#website"},"primaryImageOfPage":{"@id":"https:\/\/padthaiwokbar.com\/padtalk\/termek\/vi-padtalk-markoval-es-barnaval\/#primaryimage"},"image":{"@id":"https:\/\/padthaiwokbar.com\/padtalk\/termek\/vi-padtalk-markoval-es-barnaval\/#primaryimage"},"thumbnailUrl":"https:\/\/padthaiwokbar.com\/padtalk\/wp-content\/uploads\/2023\/02\/padtalk6-03.png","datePublished":"2023-02-13T20:19:24+00:00","dateModified":"2023-05-16T07:42:47+00:00","description":"Ez\u00fattal is izgalmas \u00e9s sokak \u00e1ltal kedvelt arcok kalauzolnak Titeket tov\u00e1bb ezen az \u00faton: a S\u00edkideg fi\u00fak, Lincz\u00e9nyi M\u00e1rk\u00f3 \u00e9s Turai Barna!","breadcrumb":{"@id":"https:\/\/padthaiwokbar.com\/padtalk\/termek\/vi-padtalk-markoval-es-barnaval\/#breadcrumb"},"inLanguage":"hu","potentialAction":[{"@type":"ReadAction","target":["https:\/\/padthaiwokbar.com\/padtalk\/termek\/vi-padtalk-markoval-es-barnaval\/"]}]},{"@type":"ImageObject","inLanguage":"hu","@id":"https:\/\/padthaiwokbar.com\/padtalk\/termek\/vi-padtalk-markoval-es-barnaval\/#primaryimage","url":"https:\/\/padthaiwokbar.com\/padtalk\/wp-content\/uploads\/2023\/02\/padtalk6-03.png","contentUrl":"https:\/\/padthaiwokbar.com\/padtalk\/wp-content\/uploads\/2023\/02\/padtalk6-03.png","width":1201,"height":1201},{"@type":"BreadcrumbList","@id":"https:\/\/padthaiwokbar.com\/padtalk\/termek\/vi-padtalk-markoval-es-barnaval\/#breadcrumb","itemListElement":[{"@type":"ListItem","position":1,"name":"Kezd\u0151lap","item":"https:\/\/padthaiwokbar.com\/padtalk\/"},{"@type":"ListItem","position":2,"name":"\u00dczlet","item":"https:\/\/padthaiwokbar.com\/padtalk\/uzlet\/"},{"@type":"ListItem","position":3,"name":"VI. PADTALK M\u00e1rk\u00f3val \u00e9s Barn\u00e1val"}]},{"@type":"WebSite","@id":"https:\/\/padthaiwokbar.com\/padtalk\/#website","url":"https:\/\/padthaiwokbar.com\/padtalk\/","name":"Padthai Padtalk","description":"Padthai Padtalk","publisher":{"@id":"https:\/\/padthaiwokbar.com\/padtalk\/#organization"},"potentialAction":[{"@type":"SearchAction","target":{"@type":"EntryPoint","urlTemplate":"https:\/\/padthaiwokbar.com\/padtalk\/?s={search_term_string}"},"query-input":{"@type":"PropertyValueSpecification","valueRequired":true,"valueName":"search_term_string"}}],"inLanguage":"hu"},{"@type":"Organization","@id":"https:\/\/padthaiwokbar.com\/padtalk\/#organization","name":"Padthai Padtalk","url":"https:\/\/padthaiwokbar.com\/padtalk\/","logo":{"@type":"ImageObject","inLanguage":"hu","@id":"https:\/\/padthaiwokbar.com\/padtalk\/#\/schema\/logo\/image\/","url":"https:\/\/padthaiwokbar.com\/padtalk\/wp-content\/uploads\/2021\/10\/logo-sotetre.png","contentUrl":"https:\/\/padthaiwokbar.com\/padtalk\/wp-content\/uploads\/2021\/10\/logo-sotetre.png","width":839,"height":838,"caption":"Padthai Padtalk"},"image":{"@id":"https:\/\/padthaiwokbar.com\/padtalk\/#\/schema\/logo\/image\/"}}]}},"_links":{"self":[{"href":"https:\/\/padthaiwokbar.com\/padtalk\/wp-json\/wp\/v2\/product\/3771","targetHints":{"allow":["GET"]}}],"collection":[{"href":"https:\/\/padthaiwokbar.com\/padtalk\/wp-json\/wp\/v2\/product"}],"about":[{"href":"https:\/\/padthaiwokbar.com\/padtalk\/wp-json\/wp\/v2\/types\/product"}],"wp:featuredmedia":[{"embeddable":true,"href":"https:\/\/padthaiwokbar.com\/padtalk\/wp-json\/wp\/v2\/media\/3909"}],"wp:attachment":[{"href":"https:\/\/padthaiwokbar.com\/padtalk\/wp-json\/wp\/v2\/media?parent=3771"}],"wp:term":[{"taxonomy":"product_cat","embeddable":true,"href":"https:\/\/padthaiwokbar.com\/padtalk\/wp-json\/wp\/v2\/product_cat?post=3771"},{"taxonomy":"product_tag","embeddable":true,"href":"https:\/\/padthaiwokbar.com\/padtalk\/wp-json\/wp\/v2\/product_tag?post=3771"}],"curies":[{"name":"wp","href":"https:\/\/api.w.org\/{rel}","templated":true}]}}