{"id":3769,"date":"2023-02-13T20:05:57","date_gmt":"2023-02-13T20:05:57","guid":{"rendered":"https:\/\/padthaiwokbar.com\/padtalk\/?post_type=product&#038;p=3769"},"modified":"2023-02-16T10:16:27","modified_gmt":"2023-02-16T10:16:27","slug":"v-padtalk-dzsudloval-belepo","status":"publish","type":"product","link":"https:\/\/padthaiwokbar.com\/padtalk\/termek\/v-padtalk-dzsudloval-belepo\/","title":{"rendered":"V. PADTALK Dzs\u00fadl\u00f3val &#8211; bel\u00e9p\u0151"},"content":{"rendered":"<div>2023-ban a f\u00f3kusz a fiatals\u00e1gra ir\u00e1nyul! Mi is az a fiatals\u00e1g, mi hat\u00e1rozza meg \u00e9s hogyan tudjuk meg\u0151rizni? Szocializ\u00e1l\u00f3d\u00e1s, megfelel\u00e9s, felel\u0151ss\u00e9gtudat &#8211; hogyan alakulnak ezek \u00e9let\u00fcnk sor\u00e1n?<\/div>\n<div><\/div>\n<div>Az idei \u00e9v els\u0151 besz\u00e9lget\u00e9s\u00e9t k\u00e9t karizmatikus egy\u00e9nis\u00e9g, t\u00f6bb ezer embert megsz\u00f3l\u00edt\u00f3 fiatal m\u0171v\u00e9sz &#8211; Dzs\u00fadl\u00f3\u00a0\u00e9s Lil Frakk\u00a0hozza el nektek!<\/div>\n<p>A jegy\u00e1r lefogyaszthat\u00f3 lesz az este folyam\u00e1n, kiz\u00e1r\u00f3lag az el\u0151ad\u00e1s ut\u00e1n a padthai Corvinban.<\/p>\n<p><strong>A sikeres v\u00e1s\u00e1rl\u00e1st igazol\u00f3 email bemutat\u00e1s\u00e1val jogosultak a bel\u00e9p\u00e9sre, az 2000 Ft \u00e9rt\u00e9k\u0171 lefogyaszthat\u00f3 kupon az el\u0151ad\u00e1s el\u0151tt a helysz\u00ednen ker\u00fcl \u00e1tad\u00e1sra. Az esem\u00e9ny sor\u00e1n \u00e9tterm\u00fcnkben \u00e1ll\u00f3 \u00e9s mozg\u00f3k\u00e9pi tartalom k\u00e9sz\u00fcl.<\/strong><\/p>\n","protected":false},"excerpt":{"rendered":"<p>Az 5. PADTALK esem\u00e9ny 2023.03.02-\u00e1n 19:00-kor a padthai Corvinban.<\/p>\n<p><strong>A sikeres v\u00e1s\u00e1rl\u00e1st igazol\u00f3 email bemutat\u00e1s\u00e1val jogosultak a bel\u00e9p\u00e9sre, az 2000 Ft \u00e9rt\u00e9k\u0171 lefogyaszthat\u00f3 kupon az el\u0151ad\u00e1s el\u0151tt a helysz\u00ednen ker\u00fcl \u00e1tad\u00e1sra. Az esem\u00e9ny sor\u00e1n \u00e9tterm\u00fcnkben \u00e1ll\u00f3 \u00e9s mozg\u00f3k\u00e9pi tartalom k\u00e9sz\u00fcl.<\/strong><\/p>\n","protected":false},"featured_media":3770,"template":"","meta":[],"product_cat":[25],"product_tag":[26],"class_list":{"0":"post-3769","1":"product","2":"type-product","3":"status-publish","4":"has-post-thumbnail","6":"product_cat-padtalk","7":"product_tag-belepo","9":"first","10":"outofstock","11":"virtual","12":"taxable","13":"purchasable","14":"product-type-simple"},"yoast_head":"<!-- This site is optimized with the Yoast SEO plugin v23.9 - https:\/\/yoast.com\/wordpress\/plugins\/seo\/ -->\n<title>V. PADTALK Dzs\u00fadl\u00f3val - bel\u00e9p\u0151 - Padthai Padtalk<\/title>\n<meta name=\"description\" content=\"Az idei \u00e9v els\u0151 besz\u00e9lget\u00e9s\u00e9t k\u00e9t karizmatikus egy\u00e9nis\u00e9g, t\u00f6bb ezer embert megsz\u00f3l\u00edt\u00f3 fiatal m\u0171v\u00e9sz - Dzs\u00fadl\u00f3\u00a0\u00e9s Lil Frakk\u00a0hozza el nektek!\u00a0\" \/>\n<meta name=\"robots\" content=\"index, follow, max-snippet:-1, max-image-preview:large, max-video-preview:-1\" \/>\n<link rel=\"canonical\" href=\"https:\/\/padthaiwokbar.com\/padtalk\/termek\/v-padtalk-dzsudloval-belepo\/\" \/>\n<meta property=\"og:locale\" content=\"hu_HU\" \/>\n<meta property=\"og:type\" content=\"article\" \/>\n<meta property=\"og:title\" content=\"V. PADTALK Dzs\u00fadl\u00f3val - bel\u00e9p\u0151 - Padthai Padtalk\" \/>\n<meta property=\"og:description\" content=\"Az idei \u00e9v els\u0151 besz\u00e9lget\u00e9s\u00e9t k\u00e9t karizmatikus egy\u00e9nis\u00e9g, t\u00f6bb ezer embert megsz\u00f3l\u00edt\u00f3 fiatal m\u0171v\u00e9sz - Dzs\u00fadl\u00f3\u00a0\u00e9s Lil Frakk\u00a0hozza el nektek!\u00a0\" \/>\n<meta property=\"og:url\" content=\"https:\/\/padthaiwokbar.com\/padtalk\/termek\/v-padtalk-dzsudloval-belepo\/\" \/>\n<meta property=\"og:site_name\" content=\"Padthai Padtalk\" \/>\n<meta property=\"article:modified_time\" content=\"2023-02-16T10:16:27+00:00\" \/>\n<meta property=\"og:image\" content=\"https:\/\/padthaiwokbar.com\/padtalk\/wp-content\/uploads\/2023\/02\/1_1_padtalk_5.png\" \/>\n\t<meta property=\"og:image:width\" content=\"1201\" \/>\n\t<meta property=\"og:image:height\" content=\"1201\" \/>\n\t<meta property=\"og:image:type\" content=\"image\/png\" \/>\n<meta name=\"twitter:card\" content=\"summary_large_image\" \/>\n<meta name=\"twitter:label1\" content=\"Becs\u00fclt olvas\u00e1si id\u0151\" \/>\n\t<meta name=\"twitter:data1\" content=\"1 perc\" \/>\n<script type=\"application\/ld+json\" class=\"yoast-schema-graph\">{\"@context\":\"https:\/\/schema.org\",\"@graph\":[{\"@type\":\"WebPage\",\"@id\":\"https:\/\/padthaiwokbar.com\/padtalk\/termek\/v-padtalk-dzsudloval-belepo\/\",\"url\":\"https:\/\/padthaiwokbar.com\/padtalk\/termek\/v-padtalk-dzsudloval-belepo\/\",\"name\":\"V. PADTALK Dzs\u00fadl\u00f3val - bel\u00e9p\u0151 - Padthai Padtalk\",\"isPartOf\":{\"@id\":\"https:\/\/padthaiwokbar.com\/padtalk\/#website\"},\"primaryImageOfPage\":{\"@id\":\"https:\/\/padthaiwokbar.com\/padtalk\/termek\/v-padtalk-dzsudloval-belepo\/#primaryimage\"},\"image\":{\"@id\":\"https:\/\/padthaiwokbar.com\/padtalk\/termek\/v-padtalk-dzsudloval-belepo\/#primaryimage\"},\"thumbnailUrl\":\"https:\/\/padthaiwokbar.com\/padtalk\/wp-content\/uploads\/2023\/02\/1_1_padtalk_5.png\",\"datePublished\":\"2023-02-13T20:05:57+00:00\",\"dateModified\":\"2023-02-16T10:16:27+00:00\",\"description\":\"Az idei \u00e9v els\u0151 besz\u00e9lget\u00e9s\u00e9t k\u00e9t karizmatikus egy\u00e9nis\u00e9g, t\u00f6bb ezer embert megsz\u00f3l\u00edt\u00f3 fiatal m\u0171v\u00e9sz - Dzs\u00fadl\u00f3\u00a0\u00e9s Lil Frakk\u00a0hozza el nektek!\u00a0\",\"breadcrumb\":{\"@id\":\"https:\/\/padthaiwokbar.com\/padtalk\/termek\/v-padtalk-dzsudloval-belepo\/#breadcrumb\"},\"inLanguage\":\"hu\",\"potentialAction\":[{\"@type\":\"ReadAction\",\"target\":[\"https:\/\/padthaiwokbar.com\/padtalk\/termek\/v-padtalk-dzsudloval-belepo\/\"]}]},{\"@type\":\"ImageObject\",\"inLanguage\":\"hu\",\"@id\":\"https:\/\/padthaiwokbar.com\/padtalk\/termek\/v-padtalk-dzsudloval-belepo\/#primaryimage\",\"url\":\"https:\/\/padthaiwokbar.com\/padtalk\/wp-content\/uploads\/2023\/02\/1_1_padtalk_5.png\",\"contentUrl\":\"https:\/\/padthaiwokbar.com\/padtalk\/wp-content\/uploads\/2023\/02\/1_1_padtalk_5.png\",\"width\":1201,\"height\":1201},{\"@type\":\"BreadcrumbList\",\"@id\":\"https:\/\/padthaiwokbar.com\/padtalk\/termek\/v-padtalk-dzsudloval-belepo\/#breadcrumb\",\"itemListElement\":[{\"@type\":\"ListItem\",\"position\":1,\"name\":\"Kezd\u0151lap\",\"item\":\"https:\/\/padthaiwokbar.com\/padtalk\/\"},{\"@type\":\"ListItem\",\"position\":2,\"name\":\"\u00dczlet\",\"item\":\"https:\/\/padthaiwokbar.com\/padtalk\/uzlet\/\"},{\"@type\":\"ListItem\",\"position\":3,\"name\":\"V. PADTALK Dzs\u00fadl\u00f3val &#8211; bel\u00e9p\u0151\"}]},{\"@type\":\"WebSite\",\"@id\":\"https:\/\/padthaiwokbar.com\/padtalk\/#website\",\"url\":\"https:\/\/padthaiwokbar.com\/padtalk\/\",\"name\":\"Padthai Padtalk\",\"description\":\"Padthai Padtalk\",\"publisher\":{\"@id\":\"https:\/\/padthaiwokbar.com\/padtalk\/#organization\"},\"potentialAction\":[{\"@type\":\"SearchAction\",\"target\":{\"@type\":\"EntryPoint\",\"urlTemplate\":\"https:\/\/padthaiwokbar.com\/padtalk\/?s={search_term_string}\"},\"query-input\":{\"@type\":\"PropertyValueSpecification\",\"valueRequired\":true,\"valueName\":\"search_term_string\"}}],\"inLanguage\":\"hu\"},{\"@type\":\"Organization\",\"@id\":\"https:\/\/padthaiwokbar.com\/padtalk\/#organization\",\"name\":\"Padthai Padtalk\",\"url\":\"https:\/\/padthaiwokbar.com\/padtalk\/\",\"logo\":{\"@type\":\"ImageObject\",\"inLanguage\":\"hu\",\"@id\":\"https:\/\/padthaiwokbar.com\/padtalk\/#\/schema\/logo\/image\/\",\"url\":\"https:\/\/padthaiwokbar.com\/padtalk\/wp-content\/uploads\/2021\/10\/logo-sotetre.png\",\"contentUrl\":\"https:\/\/padthaiwokbar.com\/padtalk\/wp-content\/uploads\/2021\/10\/logo-sotetre.png\",\"width\":839,\"height\":838,\"caption\":\"Padthai Padtalk\"},\"image\":{\"@id\":\"https:\/\/padthaiwokbar.com\/padtalk\/#\/schema\/logo\/image\/\"}}]}<\/script>\n<!-- \/ Yoast SEO plugin. -->","yoast_head_json":{"title":"V. PADTALK Dzs\u00fadl\u00f3val - bel\u00e9p\u0151 - Padthai Padtalk","description":"Az idei \u00e9v els\u0151 besz\u00e9lget\u00e9s\u00e9t k\u00e9t karizmatikus egy\u00e9nis\u00e9g, t\u00f6bb ezer embert megsz\u00f3l\u00edt\u00f3 fiatal m\u0171v\u00e9sz - Dzs\u00fadl\u00f3\u00a0\u00e9s Lil Frakk\u00a0hozza el nektek!\u00a0","robots":{"index":"index","follow":"follow","max-snippet":"max-snippet:-1","max-image-preview":"max-image-preview:large","max-video-preview":"max-video-preview:-1"},"canonical":"https:\/\/padthaiwokbar.com\/padtalk\/termek\/v-padtalk-dzsudloval-belepo\/","og_locale":"hu_HU","og_type":"article","og_title":"V. PADTALK Dzs\u00fadl\u00f3val - bel\u00e9p\u0151 - Padthai Padtalk","og_description":"Az idei \u00e9v els\u0151 besz\u00e9lget\u00e9s\u00e9t k\u00e9t karizmatikus egy\u00e9nis\u00e9g, t\u00f6bb ezer embert megsz\u00f3l\u00edt\u00f3 fiatal m\u0171v\u00e9sz - Dzs\u00fadl\u00f3\u00a0\u00e9s Lil Frakk\u00a0hozza el nektek!\u00a0","og_url":"https:\/\/padthaiwokbar.com\/padtalk\/termek\/v-padtalk-dzsudloval-belepo\/","og_site_name":"Padthai Padtalk","article_modified_time":"2023-02-16T10:16:27+00:00","og_image":[{"width":1201,"height":1201,"url":"https:\/\/padthaiwokbar.com\/padtalk\/wp-content\/uploads\/2023\/02\/1_1_padtalk_5.png","type":"image\/png"}],"twitter_card":"summary_large_image","twitter_misc":{"Becs\u00fclt olvas\u00e1si id\u0151":"1 perc"},"schema":{"@context":"https:\/\/schema.org","@graph":[{"@type":"WebPage","@id":"https:\/\/padthaiwokbar.com\/padtalk\/termek\/v-padtalk-dzsudloval-belepo\/","url":"https:\/\/padthaiwokbar.com\/padtalk\/termek\/v-padtalk-dzsudloval-belepo\/","name":"V. PADTALK Dzs\u00fadl\u00f3val - bel\u00e9p\u0151 - Padthai Padtalk","isPartOf":{"@id":"https:\/\/padthaiwokbar.com\/padtalk\/#website"},"primaryImageOfPage":{"@id":"https:\/\/padthaiwokbar.com\/padtalk\/termek\/v-padtalk-dzsudloval-belepo\/#primaryimage"},"image":{"@id":"https:\/\/padthaiwokbar.com\/padtalk\/termek\/v-padtalk-dzsudloval-belepo\/#primaryimage"},"thumbnailUrl":"https:\/\/padthaiwokbar.com\/padtalk\/wp-content\/uploads\/2023\/02\/1_1_padtalk_5.png","datePublished":"2023-02-13T20:05:57+00:00","dateModified":"2023-02-16T10:16:27+00:00","description":"Az idei \u00e9v els\u0151 besz\u00e9lget\u00e9s\u00e9t k\u00e9t karizmatikus egy\u00e9nis\u00e9g, t\u00f6bb ezer embert megsz\u00f3l\u00edt\u00f3 fiatal m\u0171v\u00e9sz - Dzs\u00fadl\u00f3\u00a0\u00e9s Lil Frakk\u00a0hozza el nektek!\u00a0","breadcrumb":{"@id":"https:\/\/padthaiwokbar.com\/padtalk\/termek\/v-padtalk-dzsudloval-belepo\/#breadcrumb"},"inLanguage":"hu","potentialAction":[{"@type":"ReadAction","target":["https:\/\/padthaiwokbar.com\/padtalk\/termek\/v-padtalk-dzsudloval-belepo\/"]}]},{"@type":"ImageObject","inLanguage":"hu","@id":"https:\/\/padthaiwokbar.com\/padtalk\/termek\/v-padtalk-dzsudloval-belepo\/#primaryimage","url":"https:\/\/padthaiwokbar.com\/padtalk\/wp-content\/uploads\/2023\/02\/1_1_padtalk_5.png","contentUrl":"https:\/\/padthaiwokbar.com\/padtalk\/wp-content\/uploads\/2023\/02\/1_1_padtalk_5.png","width":1201,"height":1201},{"@type":"BreadcrumbList","@id":"https:\/\/padthaiwokbar.com\/padtalk\/termek\/v-padtalk-dzsudloval-belepo\/#breadcrumb","itemListElement":[{"@type":"ListItem","position":1,"name":"Kezd\u0151lap","item":"https:\/\/padthaiwokbar.com\/padtalk\/"},{"@type":"ListItem","position":2,"name":"\u00dczlet","item":"https:\/\/padthaiwokbar.com\/padtalk\/uzlet\/"},{"@type":"ListItem","position":3,"name":"V. PADTALK Dzs\u00fadl\u00f3val &#8211; bel\u00e9p\u0151"}]},{"@type":"WebSite","@id":"https:\/\/padthaiwokbar.com\/padtalk\/#website","url":"https:\/\/padthaiwokbar.com\/padtalk\/","name":"Padthai Padtalk","description":"Padthai Padtalk","publisher":{"@id":"https:\/\/padthaiwokbar.com\/padtalk\/#organization"},"potentialAction":[{"@type":"SearchAction","target":{"@type":"EntryPoint","urlTemplate":"https:\/\/padthaiwokbar.com\/padtalk\/?s={search_term_string}"},"query-input":{"@type":"PropertyValueSpecification","valueRequired":true,"valueName":"search_term_string"}}],"inLanguage":"hu"},{"@type":"Organization","@id":"https:\/\/padthaiwokbar.com\/padtalk\/#organization","name":"Padthai Padtalk","url":"https:\/\/padthaiwokbar.com\/padtalk\/","logo":{"@type":"ImageObject","inLanguage":"hu","@id":"https:\/\/padthaiwokbar.com\/padtalk\/#\/schema\/logo\/image\/","url":"https:\/\/padthaiwokbar.com\/padtalk\/wp-content\/uploads\/2021\/10\/logo-sotetre.png","contentUrl":"https:\/\/padthaiwokbar.com\/padtalk\/wp-content\/uploads\/2021\/10\/logo-sotetre.png","width":839,"height":838,"caption":"Padthai Padtalk"},"image":{"@id":"https:\/\/padthaiwokbar.com\/padtalk\/#\/schema\/logo\/image\/"}}]}},"_links":{"self":[{"href":"https:\/\/padthaiwokbar.com\/padtalk\/wp-json\/wp\/v2\/product\/3769","targetHints":{"allow":["GET"]}}],"collection":[{"href":"https:\/\/padthaiwokbar.com\/padtalk\/wp-json\/wp\/v2\/product"}],"about":[{"href":"https:\/\/padthaiwokbar.com\/padtalk\/wp-json\/wp\/v2\/types\/product"}],"wp:featuredmedia":[{"embeddable":true,"href":"https:\/\/padthaiwokbar.com\/padtalk\/wp-json\/wp\/v2\/media\/3770"}],"wp:attachment":[{"href":"https:\/\/padthaiwokbar.com\/padtalk\/wp-json\/wp\/v2\/media?parent=3769"}],"wp:term":[{"taxonomy":"product_cat","embeddable":true,"href":"https:\/\/padthaiwokbar.com\/padtalk\/wp-json\/wp\/v2\/product_cat?post=3769"},{"taxonomy":"product_tag","embeddable":true,"href":"https:\/\/padthaiwokbar.com\/padtalk\/wp-json\/wp\/v2\/product_tag?post=3769"}],"curies":[{"name":"wp","href":"https:\/\/api.w.org\/{rel}","templated":true}]}}