{"id":3465,"date":"2022-02-18T18:24:04","date_gmt":"2022-02-18T18:24:04","guid":{"rendered":"https:\/\/padthaiwokbar.com\/padtalk\/?page_id=3465"},"modified":"2023-02-13T20:01:36","modified_gmt":"2023-02-13T20:01:36","slug":"impresszum","status":"publish","type":"page","link":"https:\/\/padthaiwokbar.com\/padtalk\/impresszum\/","title":{"rendered":"Impresszum"},"content":{"rendered":"<p><b>Impresszum \u2013 \u00dczemeltet\u0151i adatok:<\/b><\/p>\n<p><span style=\"font-weight: 400;\">\u00dczemeltet\u0151: Padnyolc Kft.<\/span><\/p>\n<p><span style=\"font-weight: 400;\">Sz\u00e9khelye: 1122 Budapest, B\u00edr\u00f3 utca 7.<\/span><\/p>\n<p><span style=\"font-weight: 400;\">Levelez\u00e9si c\u00edme: 1024 Budapest, L\u00f6v\u0151h\u00e1z u. 2-6. Mammut I. 4. emelet.<\/span><\/p>\n<p><span style=\"font-weight: 400;\">C\u00e9gjegyz\u00e9ksz\u00e1ma: 01-09-337109<\/span><\/p>\n<p><span style=\"font-weight: 400;\">Nyilv\u00e1ntart\u00f3 hat\u00f3s\u00e1g: F\u0151v\u00e1rosi T\u00f6rv\u00e9nysz\u00e9k C\u00e9gb\u00edr\u00f3s\u00e1ga<\/span><\/p>\n<p><span style=\"font-weight: 400;\">Ad\u00f3sz\u00e1ma: 26649100-2-43<\/span><\/p>\n<p><span style=\"font-weight: 400;\">K\u00e9pvisel\u0151: Horv\u00e1th \u00c1gnes Katalin<\/span><\/p>\n<p><span style=\"font-weight: 400;\">E-mail c\u00edm:\u00a0 <\/span><a href=\"mailto:info@padthaiwokbar.com\"><span style=\"font-weight: 400;\">info@padthaiwokbar.com<\/span><\/a><\/p>\n<p><span style=\"font-weight: 400;\">Honlap: www.padthaiwokbar.com<\/span><\/p>\n<p>&nbsp;<\/p>\n<p><b>T\u00e1rhelyszolg\u00e1ltat\u00f3 adatai:<\/b><\/p>\n<p><span style=\"font-weight: 400;\">N\u00e9v: Webkontakt Kft.<\/span><\/p>\n<p><span style=\"font-weight: 400;\">Sz\u00e9khely: 1162 Bp., Bekecs utca 27.<\/span><\/p>\n<p><span style=\"font-weight: 400;\">Ad\u00f3sz\u00e1m: 12566882-2-42<\/span><\/p>\n<p><span style=\"font-weight: 400;\">E-mail c\u00edm: info@webkontakt.hu<\/span><\/p>\n","protected":false},"excerpt":{"rendered":"<p>Impresszum \u2013 \u00dczemeltet\u0151i adatok: \u00dczemeltet\u0151: Padnyolc Kft. Sz\u00e9khelye: 1122 Budapest, B\u00edr\u00f3 utca 7. Levelez\u00e9si c\u00edme: 1024 Budapest, L\u00f6v\u0151h\u00e1z u. 2-6. Mammut I. 4. emelet. C\u00e9gjegyz\u00e9ksz\u00e1ma: 01-09-337109<span class=\"excerpt-hellip\"> [\u2026]<\/span><\/p>\n","protected":false},"author":1,"featured_media":0,"parent":0,"menu_order":0,"comment_status":"closed","ping_status":"closed","template":"","meta":{"footnotes":""},"class_list":["post-3465","page","type-page","status-publish","hentry"],"yoast_head":"<!-- This site is optimized with the Yoast SEO plugin v23.9 - https:\/\/yoast.com\/wordpress\/plugins\/seo\/ -->\n<title>Impresszum - Padthai Padtalk<\/title>\n<meta name=\"robots\" content=\"index, follow, max-snippet:-1, max-image-preview:large, max-video-preview:-1\" \/>\n<link rel=\"canonical\" href=\"https:\/\/padthaiwokbar.com\/padtalk\/impresszum\/\" \/>\n<meta property=\"og:locale\" content=\"hu_HU\" \/>\n<meta property=\"og:type\" content=\"article\" \/>\n<meta property=\"og:title\" content=\"Impresszum - Padthai Padtalk\" \/>\n<meta property=\"og:description\" content=\"Impresszum \u2013 \u00dczemeltet\u0151i adatok: \u00dczemeltet\u0151: Padnyolc Kft. Sz\u00e9khelye: 1122 Budapest, B\u00edr\u00f3 utca 7. Levelez\u00e9si c\u00edme: 1024 Budapest, L\u00f6v\u0151h\u00e1z u. 2-6. Mammut I. 4. emelet. C\u00e9gjegyz\u00e9ksz\u00e1ma: 01-09-337109 [\u2026]\" \/>\n<meta property=\"og:url\" content=\"https:\/\/padthaiwokbar.com\/padtalk\/impresszum\/\" \/>\n<meta property=\"og:site_name\" content=\"Padthai Padtalk\" \/>\n<meta property=\"article:modified_time\" content=\"2023-02-13T20:01:36+00:00\" \/>\n<meta name=\"twitter:card\" content=\"summary_large_image\" \/>\n<meta name=\"twitter:label1\" content=\"Becs\u00fclt olvas\u00e1si id\u0151\" \/>\n\t<meta name=\"twitter:data1\" content=\"1 perc\" \/>\n<script type=\"application\/ld+json\" class=\"yoast-schema-graph\">{\"@context\":\"https:\/\/schema.org\",\"@graph\":[{\"@type\":\"WebPage\",\"@id\":\"https:\/\/padthaiwokbar.com\/padtalk\/impresszum\/\",\"url\":\"https:\/\/padthaiwokbar.com\/padtalk\/impresszum\/\",\"name\":\"Impresszum - Padthai Padtalk\",\"isPartOf\":{\"@id\":\"https:\/\/padthaiwokbar.com\/padtalk\/#website\"},\"datePublished\":\"2022-02-18T18:24:04+00:00\",\"dateModified\":\"2023-02-13T20:01:36+00:00\",\"breadcrumb\":{\"@id\":\"https:\/\/padthaiwokbar.com\/padtalk\/impresszum\/#breadcrumb\"},\"inLanguage\":\"hu\",\"potentialAction\":[{\"@type\":\"ReadAction\",\"target\":[\"https:\/\/padthaiwokbar.com\/padtalk\/impresszum\/\"]}]},{\"@type\":\"BreadcrumbList\",\"@id\":\"https:\/\/padthaiwokbar.com\/padtalk\/impresszum\/#breadcrumb\",\"itemListElement\":[{\"@type\":\"ListItem\",\"position\":1,\"name\":\"Kezd\u0151lap\",\"item\":\"https:\/\/padthaiwokbar.com\/padtalk\/\"},{\"@type\":\"ListItem\",\"position\":2,\"name\":\"Impresszum\"}]},{\"@type\":\"WebSite\",\"@id\":\"https:\/\/padthaiwokbar.com\/padtalk\/#website\",\"url\":\"https:\/\/padthaiwokbar.com\/padtalk\/\",\"name\":\"Padthai Padtalk\",\"description\":\"Padthai Padtalk\",\"publisher\":{\"@id\":\"https:\/\/padthaiwokbar.com\/padtalk\/#organization\"},\"potentialAction\":[{\"@type\":\"SearchAction\",\"target\":{\"@type\":\"EntryPoint\",\"urlTemplate\":\"https:\/\/padthaiwokbar.com\/padtalk\/?s={search_term_string}\"},\"query-input\":{\"@type\":\"PropertyValueSpecification\",\"valueRequired\":true,\"valueName\":\"search_term_string\"}}],\"inLanguage\":\"hu\"},{\"@type\":\"Organization\",\"@id\":\"https:\/\/padthaiwokbar.com\/padtalk\/#organization\",\"name\":\"Padthai Padtalk\",\"url\":\"https:\/\/padthaiwokbar.com\/padtalk\/\",\"logo\":{\"@type\":\"ImageObject\",\"inLanguage\":\"hu\",\"@id\":\"https:\/\/padthaiwokbar.com\/padtalk\/#\/schema\/logo\/image\/\",\"url\":\"https:\/\/padthaiwokbar.com\/padtalk\/wp-content\/uploads\/2021\/10\/logo-sotetre.png\",\"contentUrl\":\"https:\/\/padthaiwokbar.com\/padtalk\/wp-content\/uploads\/2021\/10\/logo-sotetre.png\",\"width\":839,\"height\":838,\"caption\":\"Padthai Padtalk\"},\"image\":{\"@id\":\"https:\/\/padthaiwokbar.com\/padtalk\/#\/schema\/logo\/image\/\"}}]}<\/script>\n<!-- \/ Yoast SEO plugin. -->","yoast_head_json":{"title":"Impresszum - Padthai Padtalk","robots":{"index":"index","follow":"follow","max-snippet":"max-snippet:-1","max-image-preview":"max-image-preview:large","max-video-preview":"max-video-preview:-1"},"canonical":"https:\/\/padthaiwokbar.com\/padtalk\/impresszum\/","og_locale":"hu_HU","og_type":"article","og_title":"Impresszum - Padthai Padtalk","og_description":"Impresszum \u2013 \u00dczemeltet\u0151i adatok: \u00dczemeltet\u0151: Padnyolc Kft. Sz\u00e9khelye: 1122 Budapest, B\u00edr\u00f3 utca 7. Levelez\u00e9si c\u00edme: 1024 Budapest, L\u00f6v\u0151h\u00e1z u. 2-6. Mammut I. 4. emelet. C\u00e9gjegyz\u00e9ksz\u00e1ma: 01-09-337109 [\u2026]","og_url":"https:\/\/padthaiwokbar.com\/padtalk\/impresszum\/","og_site_name":"Padthai Padtalk","article_modified_time":"2023-02-13T20:01:36+00:00","twitter_card":"summary_large_image","twitter_misc":{"Becs\u00fclt olvas\u00e1si id\u0151":"1 perc"},"schema":{"@context":"https:\/\/schema.org","@graph":[{"@type":"WebPage","@id":"https:\/\/padthaiwokbar.com\/padtalk\/impresszum\/","url":"https:\/\/padthaiwokbar.com\/padtalk\/impresszum\/","name":"Impresszum - Padthai Padtalk","isPartOf":{"@id":"https:\/\/padthaiwokbar.com\/padtalk\/#website"},"datePublished":"2022-02-18T18:24:04+00:00","dateModified":"2023-02-13T20:01:36+00:00","breadcrumb":{"@id":"https:\/\/padthaiwokbar.com\/padtalk\/impresszum\/#breadcrumb"},"inLanguage":"hu","potentialAction":[{"@type":"ReadAction","target":["https:\/\/padthaiwokbar.com\/padtalk\/impresszum\/"]}]},{"@type":"BreadcrumbList","@id":"https:\/\/padthaiwokbar.com\/padtalk\/impresszum\/#breadcrumb","itemListElement":[{"@type":"ListItem","position":1,"name":"Kezd\u0151lap","item":"https:\/\/padthaiwokbar.com\/padtalk\/"},{"@type":"ListItem","position":2,"name":"Impresszum"}]},{"@type":"WebSite","@id":"https:\/\/padthaiwokbar.com\/padtalk\/#website","url":"https:\/\/padthaiwokbar.com\/padtalk\/","name":"Padthai Padtalk","description":"Padthai Padtalk","publisher":{"@id":"https:\/\/padthaiwokbar.com\/padtalk\/#organization"},"potentialAction":[{"@type":"SearchAction","target":{"@type":"EntryPoint","urlTemplate":"https:\/\/padthaiwokbar.com\/padtalk\/?s={search_term_string}"},"query-input":{"@type":"PropertyValueSpecification","valueRequired":true,"valueName":"search_term_string"}}],"inLanguage":"hu"},{"@type":"Organization","@id":"https:\/\/padthaiwokbar.com\/padtalk\/#organization","name":"Padthai Padtalk","url":"https:\/\/padthaiwokbar.com\/padtalk\/","logo":{"@type":"ImageObject","inLanguage":"hu","@id":"https:\/\/padthaiwokbar.com\/padtalk\/#\/schema\/logo\/image\/","url":"https:\/\/padthaiwokbar.com\/padtalk\/wp-content\/uploads\/2021\/10\/logo-sotetre.png","contentUrl":"https:\/\/padthaiwokbar.com\/padtalk\/wp-content\/uploads\/2021\/10\/logo-sotetre.png","width":839,"height":838,"caption":"Padthai Padtalk"},"image":{"@id":"https:\/\/padthaiwokbar.com\/padtalk\/#\/schema\/logo\/image\/"}}]}},"_links":{"self":[{"href":"https:\/\/padthaiwokbar.com\/padtalk\/wp-json\/wp\/v2\/pages\/3465","targetHints":{"allow":["GET"]}}],"collection":[{"href":"https:\/\/padthaiwokbar.com\/padtalk\/wp-json\/wp\/v2\/pages"}],"about":[{"href":"https:\/\/padthaiwokbar.com\/padtalk\/wp-json\/wp\/v2\/types\/page"}],"author":[{"embeddable":true,"href":"https:\/\/padthaiwokbar.com\/padtalk\/wp-json\/wp\/v2\/users\/1"}],"replies":[{"embeddable":true,"href":"https:\/\/padthaiwokbar.com\/padtalk\/wp-json\/wp\/v2\/comments?post=3465"}],"version-history":[{"count":3,"href":"https:\/\/padthaiwokbar.com\/padtalk\/wp-json\/wp\/v2\/pages\/3465\/revisions"}],"predecessor-version":[{"id":3765,"href":"https:\/\/padthaiwokbar.com\/padtalk\/wp-json\/wp\/v2\/pages\/3465\/revisions\/3765"}],"wp:attachment":[{"href":"https:\/\/padthaiwokbar.com\/padtalk\/wp-json\/wp\/v2\/media?parent=3465"}],"curies":[{"name":"wp","href":"https:\/\/api.w.org\/{rel}","templated":true}]}}