{"id":2,"date":"2015-02-17T16:07:44","date_gmt":"2015-02-17T16:07:44","guid":{"rendered":"http:\/\/themes.muffingroup.com\/be\/play\/?page_id=2"},"modified":"2023-03-10T13:53:27","modified_gmt":"2023-03-10T13:53:27","slug":"padthai-nyeremenyjatek","status":"publish","type":"page","link":"https:\/\/padthaiwokbar.com\/nyeremenyjatek\/","title":{"rendered":"DUNA PL\u00c1ZA NYEREM\u00c9NYJ\u00c1T\u00c9K"},"content":{"rendered":"","protected":false},"excerpt":{"rendered":"","protected":false},"author":1,"featured_media":0,"parent":0,"menu_order":0,"comment_status":"open","ping_status":"open","template":"","meta":{"footnotes":""},"class_list":["post-2","page","type-page","status-publish","hentry"],"yoast_head":"<!-- This site is optimized with the Yoast SEO plugin v20.4 - https:\/\/yoast.com\/wordpress\/plugins\/seo\/ -->\n<title>DUNA PL\u00c1ZA NYEREM\u00c9NYJ\u00c1T\u00c9K - Padthai<\/title>\n<meta name=\"description\" content=\"Padthaiozz a wokbarok egyik\u00e9ben \u00e9s nyerd meg az \u00e9rt\u00e9kes nyerem\u00e9nyek egyik\u00e9t! T\u00f6lts fel t\u00f6bb k\u00f3dot \u00e9s szerezz t\u00f6bb es\u00e9lyt!\" \/>\n<meta name=\"robots\" content=\"index, follow, max-snippet:-1, max-image-preview:large, max-video-preview:-1\" \/>\n<link rel=\"canonical\" href=\"https:\/\/padthaiwokbar.com\/nyeremenyjatek\/\" \/>\n<meta property=\"og:locale\" content=\"hu_HU\" \/>\n<meta property=\"og:type\" content=\"article\" \/>\n<meta property=\"og:title\" content=\"DUNA PL\u00c1ZA NYEREM\u00c9NYJ\u00c1T\u00c9K - Padthai\" \/>\n<meta property=\"og:description\" content=\"Padthaiozz a wokbarok egyik\u00e9ben \u00e9s nyerd meg az \u00e9rt\u00e9kes nyerem\u00e9nyek egyik\u00e9t! T\u00f6lts fel t\u00f6bb k\u00f3dot \u00e9s szerezz t\u00f6bb es\u00e9lyt!\" \/>\n<meta property=\"og:url\" content=\"https:\/\/padthaiwokbar.com\/nyeremenyjatek\/\" \/>\n<meta property=\"og:site_name\" content=\"Padthai\" \/>\n<meta property=\"article:modified_time\" content=\"2023-03-10T13:53:27+00:00\" \/>\n<meta name=\"twitter:card\" content=\"summary_large_image\" \/>\n<script type=\"application\/ld+json\" class=\"yoast-schema-graph\">{\"@context\":\"https:\/\/schema.org\",\"@graph\":[{\"@type\":\"WebPage\",\"@id\":\"https:\/\/padthaiwokbar.com\/nyeremenyjatek\/\",\"url\":\"https:\/\/padthaiwokbar.com\/nyeremenyjatek\/\",\"name\":\"DUNA PL\u00c1ZA NYEREM\u00c9NYJ\u00c1T\u00c9K - Padthai\",\"isPartOf\":{\"@id\":\"https:\/\/padthaiwokbar.com\/nyeremenyjatek\/#website\"},\"datePublished\":\"2015-02-17T16:07:44+00:00\",\"dateModified\":\"2023-03-10T13:53:27+00:00\",\"description\":\"Padthaiozz a wokbarok egyik\u00e9ben \u00e9s nyerd meg az \u00e9rt\u00e9kes nyerem\u00e9nyek egyik\u00e9t! T\u00f6lts fel t\u00f6bb k\u00f3dot \u00e9s szerezz t\u00f6bb es\u00e9lyt!\",\"breadcrumb\":{\"@id\":\"https:\/\/padthaiwokbar.com\/nyeremenyjatek\/#breadcrumb\"},\"inLanguage\":\"hu\",\"potentialAction\":[{\"@type\":\"ReadAction\",\"target\":[\"https:\/\/padthaiwokbar.com\/nyeremenyjatek\/\"]}]},{\"@type\":\"BreadcrumbList\",\"@id\":\"https:\/\/padthaiwokbar.com\/nyeremenyjatek\/#breadcrumb\",\"itemListElement\":[{\"@type\":\"ListItem\",\"position\":1,\"name\":\"Kezd\u0151lap\",\"item\":\"https:\/\/padthaiwokbar.com\/nyeremenyjatek\/\"},{\"@type\":\"ListItem\",\"position\":2,\"name\":\"DUNA PL\u00c1ZA NYEREM\u00c9NYJ\u00c1T\u00c9K\"}]},{\"@type\":\"WebSite\",\"@id\":\"https:\/\/padthaiwokbar.com\/nyeremenyjatek\/#website\",\"url\":\"https:\/\/padthaiwokbar.com\/nyeremenyjatek\/\",\"name\":\"Padthai\",\"description\":\"Padthai\",\"potentialAction\":[{\"@type\":\"SearchAction\",\"target\":{\"@type\":\"EntryPoint\",\"urlTemplate\":\"https:\/\/padthaiwokbar.com\/nyeremenyjatek\/?s={search_term_string}\"},\"query-input\":\"required name=search_term_string\"}],\"inLanguage\":\"hu\"}]}<\/script>\n<!-- \/ Yoast SEO plugin. -->","yoast_head_json":{"title":"DUNA PL\u00c1ZA NYEREM\u00c9NYJ\u00c1T\u00c9K - Padthai","description":"Padthaiozz a wokbarok egyik\u00e9ben \u00e9s nyerd meg az \u00e9rt\u00e9kes nyerem\u00e9nyek egyik\u00e9t! T\u00f6lts fel t\u00f6bb k\u00f3dot \u00e9s szerezz t\u00f6bb es\u00e9lyt!","robots":{"index":"index","follow":"follow","max-snippet":"max-snippet:-1","max-image-preview":"max-image-preview:large","max-video-preview":"max-video-preview:-1"},"canonical":"https:\/\/padthaiwokbar.com\/nyeremenyjatek\/","og_locale":"hu_HU","og_type":"article","og_title":"DUNA PL\u00c1ZA NYEREM\u00c9NYJ\u00c1T\u00c9K - Padthai","og_description":"Padthaiozz a wokbarok egyik\u00e9ben \u00e9s nyerd meg az \u00e9rt\u00e9kes nyerem\u00e9nyek egyik\u00e9t! T\u00f6lts fel t\u00f6bb k\u00f3dot \u00e9s szerezz t\u00f6bb es\u00e9lyt!","og_url":"https:\/\/padthaiwokbar.com\/nyeremenyjatek\/","og_site_name":"Padthai","article_modified_time":"2023-03-10T13:53:27+00:00","twitter_card":"summary_large_image","schema":{"@context":"https:\/\/schema.org","@graph":[{"@type":"WebPage","@id":"https:\/\/padthaiwokbar.com\/nyeremenyjatek\/","url":"https:\/\/padthaiwokbar.com\/nyeremenyjatek\/","name":"DUNA PL\u00c1ZA NYEREM\u00c9NYJ\u00c1T\u00c9K - Padthai","isPartOf":{"@id":"https:\/\/padthaiwokbar.com\/nyeremenyjatek\/#website"},"datePublished":"2015-02-17T16:07:44+00:00","dateModified":"2023-03-10T13:53:27+00:00","description":"Padthaiozz a wokbarok egyik\u00e9ben \u00e9s nyerd meg az \u00e9rt\u00e9kes nyerem\u00e9nyek egyik\u00e9t! T\u00f6lts fel t\u00f6bb k\u00f3dot \u00e9s szerezz t\u00f6bb es\u00e9lyt!","breadcrumb":{"@id":"https:\/\/padthaiwokbar.com\/nyeremenyjatek\/#breadcrumb"},"inLanguage":"hu","potentialAction":[{"@type":"ReadAction","target":["https:\/\/padthaiwokbar.com\/nyeremenyjatek\/"]}]},{"@type":"BreadcrumbList","@id":"https:\/\/padthaiwokbar.com\/nyeremenyjatek\/#breadcrumb","itemListElement":[{"@type":"ListItem","position":1,"name":"Kezd\u0151lap","item":"https:\/\/padthaiwokbar.com\/nyeremenyjatek\/"},{"@type":"ListItem","position":2,"name":"DUNA PL\u00c1ZA NYEREM\u00c9NYJ\u00c1T\u00c9K"}]},{"@type":"WebSite","@id":"https:\/\/padthaiwokbar.com\/nyeremenyjatek\/#website","url":"https:\/\/padthaiwokbar.com\/nyeremenyjatek\/","name":"Padthai","description":"Padthai","potentialAction":[{"@type":"SearchAction","target":{"@type":"EntryPoint","urlTemplate":"https:\/\/padthaiwokbar.com\/nyeremenyjatek\/?s={search_term_string}"},"query-input":"required name=search_term_string"}],"inLanguage":"hu"}]}},"_links":{"self":[{"href":"https:\/\/padthaiwokbar.com\/nyeremenyjatek\/wp-json\/wp\/v2\/pages\/2","targetHints":{"allow":["GET"]}}],"collection":[{"href":"https:\/\/padthaiwokbar.com\/nyeremenyjatek\/wp-json\/wp\/v2\/pages"}],"about":[{"href":"https:\/\/padthaiwokbar.com\/nyeremenyjatek\/wp-json\/wp\/v2\/types\/page"}],"author":[{"embeddable":true,"href":"https:\/\/padthaiwokbar.com\/nyeremenyjatek\/wp-json\/wp\/v2\/users\/1"}],"replies":[{"embeddable":true,"href":"https:\/\/padthaiwokbar.com\/nyeremenyjatek\/wp-json\/wp\/v2\/comments?post=2"}],"version-history":[{"count":6,"href":"https:\/\/padthaiwokbar.com\/nyeremenyjatek\/wp-json\/wp\/v2\/pages\/2\/revisions"}],"predecessor-version":[{"id":8857,"href":"https:\/\/padthaiwokbar.com\/nyeremenyjatek\/wp-json\/wp\/v2\/pages\/2\/revisions\/8857"}],"wp:attachment":[{"href":"https:\/\/padthaiwokbar.com\/nyeremenyjatek\/wp-json\/wp\/v2\/media?parent=2"}],"curies":[{"name":"wp","href":"https:\/\/api.w.org\/{rel}","templated":true}]}}