{"id":4558,"date":"2022-05-25T06:40:52","date_gmt":"2022-05-25T06:40:52","guid":{"rendered":"http:\/\/padthai.mediadigital.hu\/nyeremenyjatek\/"},"modified":"2022-06-12T17:49:29","modified_gmt":"2022-06-12T17:49:29","slug":"nyeremenyjatek","status":"publish","type":"page","link":"https:\/\/padthaiwokbar.com\/en\/nyeremenyjatek\/","title":{"rendered":"Nyerem\u00e9nyj\u00e1t\u00e9k"},"content":{"rendered":"<p>Lorem ipsum dolor sit amet, consectetur adipiscing elit. Aliquam a fringilla nisi. Nam tortor eros, dapibus sed enim sed, aliquam lacinia quam. Sed eleifend risus a dignissim faucibus. Nam tempus urna sed metus tristique aliquet. Cras ac sagittis mauris. Fusce efficitur tempor mi, sit amet facilisis nunc faucibus et. Ut lacinia posuere fermentum. Curabitur mollis erat est, non dapibus enim tincidunt malesuada. Sed rhoncus, ex non luctus consequat, purus purus rhoncus odio, quis sollicitudin lacus eros sit amet est. Sed consequat placerat orci, id aliquam nisl sollicitudin at. Nullam non tempor odio, in consectetur leo. Nulla non malesuada odio, non congue odio. Maecenas in diam non dolor dapibus varius vitae vitae eros. Suspendisse sagittis sem iaculis mollis sollicitudin. Nam finibus suscipit mi at lobortis. Curabitur condimentum gravida sagittis.<\/p>\n<h2>Phasellus fermentum porta orci<\/h2>\n<p>Gravida dui accumsan sed. Etiam tempus est vel porta pellentesque. Nam posuere hendrerit purus at mollis. Phasellus lacus augue, aliquam in neque vitae, ultricies facilisis dolor. Aenean congue consectetur justo id feugiat. Suspendisse bibendum augue diam, ac ultrices ligula malesuada vel. Integer dictum dapibus pharetra. Quisque pulvinar, ex fringilla molestie tempus, quam neque congue ex, et luctus eros leo ac sem. Sed et vestibulum ex. Aliquam nec lobortis tortor. Etiam in nunc et est iaculis tincidunt non fringilla orci.<\/p>\n<p><img decoding=\"async\" class=\"alignnone wp-image-44 size-large\" src=\"http:\/\/padthaiwokbar.com\/wp-content\/uploads\/2022\/05\/ph-pickup-1920x768.jpg\" alt=\"\" width=\"1920\" height=\"768\" srcset=\"https:\/\/padthaiwokbar.com\/wp-content\/uploads\/2022\/05\/ph-pickup-1920x768.jpg 1920w, https:\/\/padthaiwokbar.com\/wp-content\/uploads\/2022\/05\/ph-pickup-800x320.jpg 800w, https:\/\/padthaiwokbar.com\/wp-content\/uploads\/2022\/05\/ph-pickup-768x307.jpg 768w, https:\/\/padthaiwokbar.com\/wp-content\/uploads\/2022\/05\/ph-pickup-1536x614.jpg 1536w, https:\/\/padthaiwokbar.com\/wp-content\/uploads\/2022\/05\/ph-pickup-2048x819.jpg 2048w, https:\/\/padthaiwokbar.com\/wp-content\/uploads\/2022\/05\/ph-pickup-300x120.jpg 300w, https:\/\/padthaiwokbar.com\/wp-content\/uploads\/2022\/05\/ph-pickup-1024x410.jpg 1024w\" sizes=\"(max-width: 1920px) 100vw, 1920px\" \/><\/p>\n<h3>Suspendisse nunc urna, semper vitae sodales eu<\/h3>\n<p>vehicula non mi. Integer volutpat, lacus vitae ultricies iaculis, nunc felis blandit nibh, at facilisis lacus urna eget augue. In condimentum imperdiet dui accumsan accumsan. Nulla non nibh ac nisl lacinia molestie ut eu mi. Mauris scelerisque et erat eu porttitor. Etiam sit amet egestas tellus, vel tincidunt risus. Integer vel mi turpis. Maecenas nunc elit, aliquet in neque id, varius malesuada tellus. Pellentesque quis urna leo. Integer pharetra sed nunc et feugiat. Mauris posuere, erat a ullamcorper auctor, tortor nisl blandit mi, a molestie metus dui in enim. Nullam vitae ultrices neque. Mauris in tempor lectus. Aliquam fringilla nibh ac ante congue elementum. Maecenas a convallis enim.<\/p>\n<p>Aliquam efficitur ex vel fermentum bibendum. Proin sit amet nibh ut odio lobortis dignissim. Phasellus placerat dignissim congue. Vestibulum aliquam lectus eu nisl finibus, ultricies ullamcorper sem ultricies. Nullam non sem urna. Vestibulum a dui vel tortor gravida lacinia. Ut ac sapien eros.<\/p>\n","protected":false},"excerpt":{"rendered":"<p>Lorem ipsum dolor sit amet, consectetur adipiscing elit. Aliquam a fringilla nisi. Nam tortor eros, dapibus sed enim sed, aliquam lacinia quam. Sed eleifend risus a dignissim faucibus. Nam tempus urna sed metus tristique aliquet. Cras ac sagittis mauris. Fusce efficitur tempor mi, sit amet facilisis nunc faucibus et. Ut lacinia posuere fermentum. Curabitur mollis [&hellip;]<\/p>\n","protected":false},"author":1,"featured_media":0,"parent":0,"menu_order":0,"comment_status":"closed","ping_status":"closed","template":"","meta":{"_acf_changed":false,"footnotes":""},"class_list":["post-4558","page","type-page","status-publish","hentry"],"acf":[],"yoast_head":"<title>Nyerem\u00e9nyj\u00e1t\u00e9k - Padthai wokbar<\/title>\n<meta name=\"robots\" content=\"index, follow, max-snippet:-1, max-image-preview:large, max-video-preview:-1\" \/>\n<link rel=\"canonical\" href=\"https:\/\/padthaiwokbar.com\/en\/nyeremenyjatek\/\" \/>\n<meta property=\"og:locale\" content=\"en_US\" \/>\n<meta property=\"og:type\" content=\"article\" \/>\n<meta property=\"og:title\" content=\"Nyerem\u00e9nyj\u00e1t\u00e9k - Padthai wokbar\" \/>\n<meta property=\"og:description\" content=\"Lorem ipsum dolor sit amet, consectetur adipiscing elit. Aliquam a fringilla nisi. Nam tortor eros, dapibus sed enim sed, aliquam lacinia quam. Sed eleifend risus a dignissim faucibus. Nam tempus urna sed metus tristique aliquet. Cras ac sagittis mauris. Fusce efficitur tempor mi, sit amet facilisis nunc faucibus et. Ut lacinia posuere fermentum. Curabitur mollis [&hellip;]\" \/>\n<meta property=\"og:url\" content=\"https:\/\/padthaiwokbar.com\/en\/nyeremenyjatek\/\" \/>\n<meta property=\"og:site_name\" content=\"Padthai wokbar\" \/>\n<meta property=\"article:modified_time\" content=\"2022-06-12T17:49:29+00:00\" \/>\n<meta property=\"og:image\" content=\"http:\/\/padthaiwokbar.com\/wp-content\/uploads\/2022\/05\/ph-pickup-1920x768.jpg\" \/>\n<meta name=\"twitter:card\" content=\"summary_large_image\" \/>\n<meta name=\"twitter:label1\" content=\"Est. reading time\" \/>\n\t<meta name=\"twitter:data1\" content=\"2 minutes\" \/>\n<script type=\"application\/ld+json\" class=\"yoast-schema-graph\">{\"@context\":\"https:\\\/\\\/schema.org\",\"@graph\":[{\"@type\":\"WebPage\",\"@id\":\"https:\\\/\\\/padthaiwokbar.com\\\/en\\\/nyeremenyjatek\\\/\",\"url\":\"https:\\\/\\\/padthaiwokbar.com\\\/en\\\/nyeremenyjatek\\\/\",\"name\":\"Nyerem\u00e9nyj\u00e1t\u00e9k - Padthai wokbar\",\"isPartOf\":{\"@id\":\"https:\\\/\\\/padthaiwokbar.com\\\/en\\\/#website\"},\"primaryImageOfPage\":{\"@id\":\"https:\\\/\\\/padthaiwokbar.com\\\/en\\\/nyeremenyjatek\\\/#primaryimage\"},\"image\":{\"@id\":\"https:\\\/\\\/padthaiwokbar.com\\\/en\\\/nyeremenyjatek\\\/#primaryimage\"},\"thumbnailUrl\":\"http:\\\/\\\/padthaiwokbar.com\\\/wp-content\\\/uploads\\\/2022\\\/05\\\/ph-pickup-1920x768.jpg\",\"datePublished\":\"2022-05-25T06:40:52+00:00\",\"dateModified\":\"2022-06-12T17:49:29+00:00\",\"inLanguage\":\"en-US\",\"potentialAction\":[{\"@type\":\"ReadAction\",\"target\":[\"https:\\\/\\\/padthaiwokbar.com\\\/en\\\/nyeremenyjatek\\\/\"]}]},{\"@type\":\"ImageObject\",\"inLanguage\":\"en-US\",\"@id\":\"https:\\\/\\\/padthaiwokbar.com\\\/en\\\/nyeremenyjatek\\\/#primaryimage\",\"url\":\"http:\\\/\\\/padthaiwokbar.com\\\/wp-content\\\/uploads\\\/2022\\\/05\\\/ph-pickup-1920x768.jpg\",\"contentUrl\":\"http:\\\/\\\/padthaiwokbar.com\\\/wp-content\\\/uploads\\\/2022\\\/05\\\/ph-pickup-1920x768.jpg\"},{\"@type\":\"WebSite\",\"@id\":\"https:\\\/\\\/padthaiwokbar.com\\\/en\\\/#website\",\"url\":\"https:\\\/\\\/padthaiwokbar.com\\\/en\\\/\",\"name\":\"Padthai wokbar\",\"description\":\"\",\"potentialAction\":[{\"@type\":\"SearchAction\",\"target\":{\"@type\":\"EntryPoint\",\"urlTemplate\":\"https:\\\/\\\/padthaiwokbar.com\\\/en\\\/?s={search_term_string}\"},\"query-input\":{\"@type\":\"PropertyValueSpecification\",\"valueRequired\":true,\"valueName\":\"search_term_string\"}}],\"inLanguage\":\"en-US\"}]}<\/script>","yoast_head_json":{"title":"Nyerem\u00e9nyj\u00e1t\u00e9k - Padthai wokbar","robots":{"index":"index","follow":"follow","max-snippet":"max-snippet:-1","max-image-preview":"max-image-preview:large","max-video-preview":"max-video-preview:-1"},"canonical":"https:\/\/padthaiwokbar.com\/en\/nyeremenyjatek\/","og_locale":"en_US","og_type":"article","og_title":"Nyerem\u00e9nyj\u00e1t\u00e9k - Padthai wokbar","og_description":"Lorem ipsum dolor sit amet, consectetur adipiscing elit. Aliquam a fringilla nisi. Nam tortor eros, dapibus sed enim sed, aliquam lacinia quam. Sed eleifend risus a dignissim faucibus. Nam tempus urna sed metus tristique aliquet. Cras ac sagittis mauris. Fusce efficitur tempor mi, sit amet facilisis nunc faucibus et. Ut lacinia posuere fermentum. Curabitur mollis [&hellip;]","og_url":"https:\/\/padthaiwokbar.com\/en\/nyeremenyjatek\/","og_site_name":"Padthai wokbar","article_modified_time":"2022-06-12T17:49:29+00:00","og_image":[{"url":"http:\/\/padthaiwokbar.com\/wp-content\/uploads\/2022\/05\/ph-pickup-1920x768.jpg","type":"","width":"","height":""}],"twitter_card":"summary_large_image","twitter_misc":{"Est. reading time":"2 minutes"},"schema":{"@context":"https:\/\/schema.org","@graph":[{"@type":"WebPage","@id":"https:\/\/padthaiwokbar.com\/en\/nyeremenyjatek\/","url":"https:\/\/padthaiwokbar.com\/en\/nyeremenyjatek\/","name":"Nyerem\u00e9nyj\u00e1t\u00e9k - Padthai wokbar","isPartOf":{"@id":"https:\/\/padthaiwokbar.com\/en\/#website"},"primaryImageOfPage":{"@id":"https:\/\/padthaiwokbar.com\/en\/nyeremenyjatek\/#primaryimage"},"image":{"@id":"https:\/\/padthaiwokbar.com\/en\/nyeremenyjatek\/#primaryimage"},"thumbnailUrl":"http:\/\/padthaiwokbar.com\/wp-content\/uploads\/2022\/05\/ph-pickup-1920x768.jpg","datePublished":"2022-05-25T06:40:52+00:00","dateModified":"2022-06-12T17:49:29+00:00","inLanguage":"en-US","potentialAction":[{"@type":"ReadAction","target":["https:\/\/padthaiwokbar.com\/en\/nyeremenyjatek\/"]}]},{"@type":"ImageObject","inLanguage":"en-US","@id":"https:\/\/padthaiwokbar.com\/en\/nyeremenyjatek\/#primaryimage","url":"http:\/\/padthaiwokbar.com\/wp-content\/uploads\/2022\/05\/ph-pickup-1920x768.jpg","contentUrl":"http:\/\/padthaiwokbar.com\/wp-content\/uploads\/2022\/05\/ph-pickup-1920x768.jpg"},{"@type":"WebSite","@id":"https:\/\/padthaiwokbar.com\/en\/#website","url":"https:\/\/padthaiwokbar.com\/en\/","name":"Padthai wokbar","description":"","potentialAction":[{"@type":"SearchAction","target":{"@type":"EntryPoint","urlTemplate":"https:\/\/padthaiwokbar.com\/en\/?s={search_term_string}"},"query-input":{"@type":"PropertyValueSpecification","valueRequired":true,"valueName":"search_term_string"}}],"inLanguage":"en-US"}]}},"_links":{"self":[{"href":"https:\/\/padthaiwokbar.com\/en\/wp-json\/wp\/v2\/pages\/4558","targetHints":{"allow":["GET"]}}],"collection":[{"href":"https:\/\/padthaiwokbar.com\/en\/wp-json\/wp\/v2\/pages"}],"about":[{"href":"https:\/\/padthaiwokbar.com\/en\/wp-json\/wp\/v2\/types\/page"}],"author":[{"embeddable":true,"href":"https:\/\/padthaiwokbar.com\/en\/wp-json\/wp\/v2\/users\/1"}],"replies":[{"embeddable":true,"href":"https:\/\/padthaiwokbar.com\/en\/wp-json\/wp\/v2\/comments?post=4558"}],"version-history":[{"count":0,"href":"https:\/\/padthaiwokbar.com\/en\/wp-json\/wp\/v2\/pages\/4558\/revisions"}],"wp:attachment":[{"href":"https:\/\/padthaiwokbar.com\/en\/wp-json\/wp\/v2\/media?parent=4558"}],"curies":[{"name":"wp","href":"https:\/\/api.w.org\/{rel}","templated":true}]}}